{"id":960,"date":"2020-07-06T18:50:34","date_gmt":"2020-07-06T16:50:34","guid":{"rendered":"http:\/\/www.synagogue-montevideo32.fr\/?page_id=960"},"modified":"2020-10-15T23:34:59","modified_gmt":"2020-10-15T21:34:59","slug":"inscription-tt","status":"publish","type":"page","link":"https:\/\/www.synagogue-montevideo31.com\/?page_id=960","title":{"rendered":"Inscription TT"},"content":{"rendered":"\n<div class=\"wp-block-cover has-background-dim\" style=\"background-image:url(http:\/\/www.synagogue-montevideo32.fr\/wp-content\/uploads\/2020\/06\/Shule-Juin-2020-Hanoucciah-scaled.jpg);min-height:157px;aspect-ratio:unset;\"><div class=\"wp-block-cover__inner-container is-layout-flow wp-block-cover-is-layout-flow\">\n<p class=\"has-text-align-center has-large-font-size\"><\/p>\n<\/div><\/div>\n\n\n\n<div style=\"height:54px\" aria-hidden=\"true\" class=\"wp-block-spacer\"><\/div>\n\n\n\n<div class=\"wp-block-columns is-layout-flex wp-container-core-columns-is-layout-9d6595d7 wp-block-columns-is-layout-flex\">\n<div class=\"wp-block-column is-layout-flow wp-block-column-is-layout-flow\">\n<p>Pour inscrire vos enfants au Talmud Torah :<\/p>\n<ol>\n<li>Merci de t\u00e9l\u00e9charger la fiche d&#8217;inscription ci-apr\u00e8s<\/li>\n<li>Compl\u00e9ter directement la fiche sur ordinateur en double-cliquant sur les cases carr\u00e9es pour les cocher et renvoyer le document par email \u00e0 <strong><a href=\"acti@synagogue-montevideo31.com\">acti@synagogue-montevideo31.com,<\/a> en indiquant comme objet de l&#8217;email &#8216;Inscription Talmud Torah&#8217;<\/strong><\/li>\n<li>Ou bien imprimer la fiche, la compl\u00e9ter et la renvoyer \u00e0 l&#8217;adresse postale indiqu\u00e9e en bas du document<\/li>\n<\/ol>\n\n\n\n<div class=\"wp-block-file\"><a href=\"https:\/\/www.synagogue-montevideo31.com\/wp-content\/uploads\/2020\/07\/Fiche-dinscription-2020-2021.docx\"><strong>Fiche d&#8217;inscription 2020-2021<\/strong><\/a><a href=\"https:\/\/www.synagogue-montevideo31.com\/wp-content\/uploads\/2020\/07\/Fiche-dinscription-2020-2021.docx\" class=\"wp-block-file__button\" download>T\u00e9l\u00e9charger<\/a><\/div>\n<\/div>\n\n\n\n<div class=\"wp-block-column is-layout-flow wp-block-column-is-layout-flow\">\n<div class=\"wp-block-image\"><figure class=\"alignright size-large is-resized\"><img loading=\"lazy\" decoding=\"async\" src=\"http:\/\/www.synagogue-montevideo32.fr\/wp-content\/uploads\/2020\/08\/israel-5191737_1920-1024x768.jpg\" alt=\"\" class=\"wp-image-1110\" width=\"389\" height=\"290\"\/><\/figure><\/div>\n<\/div>\n<\/div>\n","protected":false},"excerpt":{"rendered":"<p>Pour inscrire vos enfants au Talmud Torah : Merci de t\u00e9l\u00e9charger la fiche d&#8217;inscription ci-apr\u00e8s Compl\u00e9ter directement la fiche sur ordinateur en double-cliquant sur les cases carr\u00e9es pour les cocher et renvoyer le document par email \u00e0 acti@synagogue-montevideo31.com, en indiquant comme objet de l&#8217;email &#8216;Inscription Talmud Torah&#8217; Ou bien imprimer la fiche, la compl\u00e9ter et la renvoyer \u00e0 l&#8217;adresse postale indiqu\u00e9e en bas du document Fiche d&#8217;inscription 2020-2021T\u00e9l\u00e9charger<\/p>\n","protected":false},"author":1,"featured_media":0,"parent":0,"menu_order":0,"comment_status":"closed","ping_status":"closed","template":"template-parts\/page-template-full-width.php","meta":{"footnotes":""},"class_list":["post-960","page","type-page","status-publish","hentry"],"_links":{"self":[{"href":"https:\/\/www.synagogue-montevideo31.com\/index.php?rest_route=\/wp\/v2\/pages\/960","targetHints":{"allow":["GET"]}}],"collection":[{"href":"https:\/\/www.synagogue-montevideo31.com\/index.php?rest_route=\/wp\/v2\/pages"}],"about":[{"href":"https:\/\/www.synagogue-montevideo31.com\/index.php?rest_route=\/wp\/v2\/types\/page"}],"author":[{"embeddable":true,"href":"https:\/\/www.synagogue-montevideo31.com\/index.php?rest_route=\/wp\/v2\/users\/1"}],"replies":[{"embeddable":true,"href":"https:\/\/www.synagogue-montevideo31.com\/index.php?rest_route=%2Fwp%2Fv2%2Fcomments&post=960"}],"version-history":[{"count":17,"href":"https:\/\/www.synagogue-montevideo31.com\/index.php?rest_route=\/wp\/v2\/pages\/960\/revisions"}],"predecessor-version":[{"id":1774,"href":"https:\/\/www.synagogue-montevideo31.com\/index.php?rest_route=\/wp\/v2\/pages\/960\/revisions\/1774"}],"wp:attachment":[{"href":"https:\/\/www.synagogue-montevideo31.com\/index.php?rest_route=%2Fwp%2Fv2%2Fmedia&parent=960"}],"curies":[{"name":"wp","href":"https:\/\/api.w.org\/{rel}","templated":true}]}}