{"id":555,"date":"2020-06-21T13:01:29","date_gmt":"2020-06-21T11:01:29","guid":{"rendered":"http:\/\/www.synagogue-montevideo32.fr\/?page_id=555"},"modified":"2026-01-14T10:06:39","modified_gmt":"2026-01-14T09:06:39","slug":"tarifs","status":"publish","type":"page","link":"https:\/\/www.synagogue-montevideo31.com\/?page_id=555","title":{"rendered":"Cotisation et Tarifs"},"content":{"rendered":"\n<div class=\"wp-block-cover is-light\" style=\"min-height:157px;aspect-ratio:unset;\"><img loading=\"lazy\" decoding=\"async\" width=\"2560\" height=\"1920\" class=\"wp-block-cover__image-background wp-image-391\" alt=\"\" src=\"http:\/\/www.synagogue-montevideo32.fr\/wp-content\/uploads\/2020\/06\/Shule-Juin-2020-Hanoucciah-scaled.jpg\" data-object-fit=\"cover\" srcset=\"https:\/\/www.synagogue-montevideo31.com\/wp-content\/uploads\/2020\/06\/Shule-Juin-2020-Hanoucciah-scaled.jpg 2560w, https:\/\/www.synagogue-montevideo31.com\/wp-content\/uploads\/2020\/06\/Shule-Juin-2020-Hanoucciah-300x225.jpg 300w, https:\/\/www.synagogue-montevideo31.com\/wp-content\/uploads\/2020\/06\/Shule-Juin-2020-Hanoucciah-1024x768.jpg 1024w, https:\/\/www.synagogue-montevideo31.com\/wp-content\/uploads\/2020\/06\/Shule-Juin-2020-Hanoucciah-768x576.jpg 768w, https:\/\/www.synagogue-montevideo31.com\/wp-content\/uploads\/2020\/06\/Shule-Juin-2020-Hanoucciah-1536x1152.jpg 1536w, https:\/\/www.synagogue-montevideo31.com\/wp-content\/uploads\/2020\/06\/Shule-Juin-2020-Hanoucciah-2048x1536.jpg 2048w, https:\/\/www.synagogue-montevideo31.com\/wp-content\/uploads\/2020\/06\/Shule-Juin-2020-Hanoucciah-600x450.jpg 600w\" sizes=\"auto, (max-width: 2560px) 100vw, 2560px\" \/><span aria-hidden=\"true\" class=\"wp-block-cover__background has-background-dim\"><\/span><div class=\"wp-block-cover__inner-container is-layout-flow wp-block-cover-is-layout-flow\">\n<p class=\"has-text-align-center has-large-font-size\"><\/p>\n<\/div><\/div>\n\n\n\n<div style=\"height:20px\" aria-hidden=\"true\" class=\"wp-block-spacer\"><\/div>\n\n\n<p>Vous trouverez ci-dessous les diff\u00e9rents tarifs de la Synagogue de Montevideo, que ce soit pour \u00eatre membre, pour r\u00e9server vos places de Tichri, ou pour d&#8217;autres \u00e9v\u00e9nements.&nbsp; A noter que tous les tarifs sont susceptibles de modifications sans pr\u00e9avis ! Merci de faire vivre notre Communaut\u00e9 !<\/p>\n<h2>Cotisation Annuelle<\/h2>\n\n\n<figure class=\"wp-block-table\"><table class=\"has-fixed-layout\"><tbody><tr><td>Famille (chef de famille)<\/td><td><strong>395 \u20ac<\/strong><\/td><\/tr><tr><td>Individuel (adulte seul)<\/td><td><strong>285 \u20ac<\/strong><\/td><\/tr><\/tbody><\/table><\/figure>\n\n\n\n<div style=\"height:26px\" aria-hidden=\"true\" class=\"wp-block-spacer\"><\/div>\n\n\n\n<h2 class=\"wp-block-heading\">R\u00e9servation de Kiddouch<\/h2>\n\n\n\n<figure class=\"wp-block-table\"><table class=\"has-fixed-layout\"><tbody><tr><td>Formule Standard<\/td><td><strong>500 \u20ac<\/strong><\/td><\/tr><tr><td>Formule Interm\u00e9diaire (Standard + charcuterie)<\/td><td><strong>600 \u20ac<\/strong><\/td><\/tr><tr><td>Formule Personnalis\u00e9e<\/td><td><strong>Contacter notre Chamach en envoyant un email \u00e0 <a href=\"acti@synagogue-montevideo31.com\">acti@synagogue-montevideo31.com<\/a><\/strong><br><strong>Indiquer en objet de l&#8217;email &#8216;R\u00e9servation de Kiddouch&#8217;<\/strong><\/td><\/tr><\/tbody><\/table><\/figure>\n\n\n\n<div style=\"height:20px\" aria-hidden=\"true\" class=\"wp-block-spacer\"><\/div>\n\n\n\n<h2 class=\"wp-block-heading\">Talmud Torah<\/h2>\n\n\n\n<figure class=\"wp-block-table\"><table class=\"has-fixed-layout\"><tbody><tr><td>Inscription annuelle du 1er enfant<\/td><td><strong>Cotisation : 395 \u20ac<br>Tarif 1er enfant : 480 \u20ac<\/strong><\/td><\/tr><tr><td>Inscription annuelle pour le 2\u00e8me enfant<\/td><td><strong><strong>Cotisation : 395 \u20ac<\/strong><br><strong>Tarif 2\u00e8me enfant<\/strong> : 440 \u20ac<\/strong><\/td><\/tr><tr><td>Inscription annuelle pour le 3\u00e8me enfant<\/td><td><strong><strong><strong>Cotisation : 395 \u20ac<\/strong><br><strong>Tarif 3\u00e8me enfant<\/strong> : 400 \u20ac<\/strong><\/strong><\/td><\/tr><\/tbody><\/table><\/figure>\n\n\n\n<div style=\"height:24px\" aria-hidden=\"true\" class=\"wp-block-spacer\"><\/div>\n\n\n\n<h2 class=\"wp-block-heading\">Places pour Offices de Tichri<\/h2>\n\n\n\n<h3 class=\"wp-block-heading\">Rite Achk\u00e9naze &#8211; Synagogue de Montevideo<\/h3>\n\n\n\n<figure class=\"wp-block-table\"><table class=\"has-fixed-layout\"><tbody><tr><td>Hommes<\/td><td>Cat\u00e9gorie 1<br>Rangs 1 \u00e0 7<\/td><td><strong>Membre : 420 \u20ac<br>Non Membre : 540 \u20ac<\/strong><\/td><\/tr><tr><td>Hommes<\/td><td>Cat\u00e9gorie 2<br>Rangs 8 \u00e0 13<\/td><td><strong>Membre : 360 \u20ac<br>Non Membre : 500 \u20ac<\/strong><\/td><\/tr><tr><td>Femmes<\/td><td>Cat\u00e9gorie 1<br>Rang 1 c\u00f4t\u00e9<br>Rangs 1 et 2 face<\/td><td><strong>Membre : 370 \u20ac<br>Non Membre : 520 \u20ac<\/strong><\/td><\/tr><tr><td>Femmes<\/td><td>Cat\u00e9gorie 2<br>Rangs restants<\/td><td><strong>Membre : 320 \u20ac<br>Non Membre : 460 \u20ac<\/strong><\/td><\/tr><\/tbody><\/table><\/figure>\n\n\n\n<div style=\"height:24px\" aria-hidden=\"true\" class=\"wp-block-spacer\"><\/div>\n\n\n\n<h3 class=\"wp-block-heading\">Rite Polonais &#8211; CCEW Rue Dufr\u00e9noy<\/h3>\n\n\n\n<figure class=\"wp-block-table\"><table class=\"has-fixed-layout\"><tbody><tr><td>Hommes<\/td><td><strong>Membre : 380 \u20ac<br>Non Membre : 500 \u20ac<\/strong><\/td><\/tr><tr><td>Femmes<\/td><td><strong>Membre : 300 \u20ac<br>Non Membre : 450 \u20ac<\/strong><\/td><\/tr><\/tbody><\/table><\/figure>\n\n\n\n<div style=\"height:27px\" aria-hidden=\"true\" class=\"wp-block-spacer\"><\/div>\n\n\n\n<h3 class=\"wp-block-heading\">Office des jeunes<\/h3>\n\n\n\n<figure class=\"wp-block-table\"><table><tbody><tr><td>Hommes<\/td><td><strong>Membre : 380 \u20ac<br>Non Membre : 500<\/strong> \u20ac<\/td><\/tr><tr><td>Femmes<\/td><td><strong>Membre : 300 \u20ac<br>Non Membre : 450<\/strong> \u20ac<\/td><\/tr><tr><td>Enfants \/ Etudiants<\/td><td><strong>Tarif unique : 120 \u20ac<\/strong><\/td><\/tr><\/tbody><\/table><\/figure>\n\n\n\n<h3 class=\"wp-block-heading\">Rite S\u00e9farade &#8211; Boulevard Lannes<\/h3>\n\n\n\n<figure class=\"wp-block-table\"><table class=\"has-fixed-layout\"><tbody><tr><td>Hommes<\/td><td><strong>Membre : 220 \u20ac<br>Non Membre : 300 \u20ac<\/strong><\/td><\/tr><tr><td>Femmes<\/td><td><strong>Membre : 220 \u20ac<br>Non Membre : 300 \u20ac<\/strong><\/td><\/tr><tr><td>Enfants \/ Etudiants<\/td><td><strong>Tarif unique : 120 \u20ac<\/strong><\/td><\/tr><\/tbody><\/table><\/figure>\n\n\n\n<div style=\"height:25px\" aria-hidden=\"true\" class=\"wp-block-spacer\"><\/div>\n\n\n\n<h2 class=\"wp-block-heading\">Cours et Conf\u00e9rences<\/h2>\n\n\n\n<figure class=\"wp-block-table\"><table><tbody><tr><td>Institut Elie Wiesel<\/td><td>Session<\/td><td><strong>70 \u20ac (35 \u20ac Etudiants)<\/strong><\/td><\/tr><tr><td>Beth Halimoud<\/td><td>Prix par session compl\u00e8te<\/td><td><strong>90 \u20ac<\/strong><\/td><\/tr><tr><td>Oulpan<\/td><td>Niveaux D\u00e9butant ou Avanc\u00e9<\/td><td><strong>330 \u20ac<\/strong><\/td><\/tr><tr><td>Activit\u00e9s Sportives<\/td><td>Par activit\u00e9<\/td><td><strong>290 \u20ac<\/strong><\/td><\/tr><\/tbody><\/table><\/figure>\n\n\n\n<div style=\"height:26px\" aria-hidden=\"true\" class=\"wp-block-spacer\"><\/div>\n\n\n\n<h2 class=\"wp-block-heading\">A la m\u00e9moire de &#8230;<\/h2>\n\n\n\n<figure class=\"wp-block-table\"><table class=\"has-fixed-layout\"><tbody><tr><td>Plaque grav\u00e9e sur tableau lumineux dans la Synagogue<\/td><td><strong>2 000 \u20ac<\/strong><\/td><\/tr><tr><td>Plaque sur le site internet page m\u00e9moire<\/td><td><strong>300 \u20ac<\/strong><\/td><\/tr><\/tbody><\/table><\/figure>\n\n\n\n<div style=\"height:24px\" aria-hidden=\"true\" class=\"wp-block-spacer\"><\/div>\n\n\n\n<h2 class=\"wp-block-heading\">Partenaires<\/h2>\n\n\n\n<figure class=\"wp-block-table\"><table class=\"has-fixed-layout\"><thead><tr><th><strong>Cat\u00e9gorie<\/strong><\/th><th><strong>Prix par an<\/strong><\/th><\/tr><\/thead><tbody><tr><td>R\u00e9f\u00e9rencement site internet A.C.T.I.<\/td><td><strong>500 \u20ac<\/strong><\/td><\/tr><tr><td>Publicit\u00e9 Calendrier<br>A l\u2019int\u00e9rieur : demi-page<\/td><td><strong>500 \u20ac<\/strong><\/td><\/tr><tr><td>Publicit\u00e9 Calendrier<br>A l\u2019int\u00e9rieur : page enti\u00e8re<\/td><td><strong>800 \u20ac<\/strong><\/td><\/tr><tr><td>Publicit\u00e9 Calendrier<br>1 Page milieu<\/td><td><strong>1 000 \u20ac<\/strong><\/td><\/tr><tr><td>Publicit\u00e9 Calendrier<br>2\u00e8me et 3\u00e8me de couverture<\/td><td><strong>1 000 \u20ac<\/strong><\/td><\/tr><tr><td>Publicit\u00e9 Calendrier<br>4\u00e8me de couverture<\/td><td><strong>1 500 \u20ac<\/strong><\/td><\/tr><tr><td>Publicit\u00e9 Journal<br>A l&#8217;int\u00e9rieur : 1\/4 de page<\/td><td><strong>300 \u20ac<\/strong><\/td><\/tr><tr><td>Publicit\u00e9 Journal<br>A l&#8217;int\u00e9rieur : 1\/2 page<\/td><td><strong>600 \u20ac<\/strong><\/td><\/tr><tr><td>Publicit\u00e9 Journal<br>A l&#8217;int\u00e9rieur : 1 page<\/td><td><strong>1 000 \u20ac<\/strong><\/td><\/tr><tr><td>Publicit\u00e9 Journal<br>2\u00e8me et 3\u00e8me de couverture<\/td><td><strong>1 500 \u20ac<\/strong><\/td><\/tr><tr><td>Publicit\u00e9 Journal<br>4\u00e8me de couverture<\/td><td><strong>2 000 \u20ac<\/strong><\/td><\/tr><\/tbody><\/table><\/figure>\n","protected":false},"excerpt":{"rendered":"<p>Vous trouverez ci-dessous les diff\u00e9rents tarifs de la Synagogue de Montevideo, que ce soit pour \u00eatre membre, pour r\u00e9server vos places de Tichri, ou pour d&#8217;autres \u00e9v\u00e9nements.&nbsp; A noter que tous les tarifs sont susceptibles de modifications sans pr\u00e9avis ! Merci de faire vivre notre Communaut\u00e9 ! Cotisation Annuelle Famille (chef de famille) 395 \u20ac Individuel (adulte seul) 285 \u20ac R\u00e9servation de Kiddouch Formule Standard 500 \u20ac Formule Interm\u00e9diaire (Standard + charcuterie) 600 \u20ac Formule Personnalis\u00e9e Contacter notre Chamach en envoyant un email \u00e0 acti@synagogue-montevideo31.comIndiquer en objet de l&#8217;email &#8216;R\u00e9servation de Kiddouch&#8217; Talmud Torah Inscription annuelle du 1er enfant Cotisation&#8230; <\/p>\n","protected":false},"author":1,"featured_media":0,"parent":0,"menu_order":0,"comment_status":"closed","ping_status":"closed","template":"template-parts\/page-template-full-width.php","meta":{"footnotes":""},"class_list":["post-555","page","type-page","status-publish","hentry"],"_links":{"self":[{"href":"https:\/\/www.synagogue-montevideo31.com\/index.php?rest_route=\/wp\/v2\/pages\/555","targetHints":{"allow":["GET"]}}],"collection":[{"href":"https:\/\/www.synagogue-montevideo31.com\/index.php?rest_route=\/wp\/v2\/pages"}],"about":[{"href":"https:\/\/www.synagogue-montevideo31.com\/index.php?rest_route=\/wp\/v2\/types\/page"}],"author":[{"embeddable":true,"href":"https:\/\/www.synagogue-montevideo31.com\/index.php?rest_route=\/wp\/v2\/users\/1"}],"replies":[{"embeddable":true,"href":"https:\/\/www.synagogue-montevideo31.com\/index.php?rest_route=%2Fwp%2Fv2%2Fcomments&post=555"}],"version-history":[{"count":35,"href":"https:\/\/www.synagogue-montevideo31.com\/index.php?rest_route=\/wp\/v2\/pages\/555\/revisions"}],"predecessor-version":[{"id":5166,"href":"https:\/\/www.synagogue-montevideo31.com\/index.php?rest_route=\/wp\/v2\/pages\/555\/revisions\/5166"}],"wp:attachment":[{"href":"https:\/\/www.synagogue-montevideo31.com\/index.php?rest_route=%2Fwp%2Fv2%2Fmedia&parent=555"}],"curies":[{"name":"wp","href":"https:\/\/api.w.org\/{rel}","templated":true}]}}