{"id":371,"date":"2020-06-16T14:24:28","date_gmt":"2020-06-16T12:24:28","guid":{"rendered":"http:\/\/www.synagogue-montevideo32.fr\/?page_id=371"},"modified":"2021-01-13T12:47:47","modified_gmt":"2021-01-13T11:47:47","slug":"activites","status":"publish","type":"page","link":"https:\/\/www.synagogue-montevideo31.com\/?page_id=371","title":{"rendered":"Activit\u00e9s"},"content":{"rendered":"\n<div class=\"wp-block-cover has-background-dim\" style=\"background-image:url(https:\/\/www.synagogue-montevideo31.com\/wp-content\/uploads\/2020\/06\/Shule-Juin-2020-Hanoucciah-scaled.jpg);min-height:153px;aspect-ratio:unset;\"><div class=\"wp-block-cover__inner-container is-layout-flow wp-block-cover-is-layout-flow\">\n<p class=\"has-text-align-center has-large-font-size\"><\/p>\n<\/div><\/div>\n\n\n\n<div style=\"height:48px\" aria-hidden=\"true\" class=\"wp-block-spacer\"><\/div>\n\n\n\n<p>La Synagogue propose les activit\u00e9s suivantes en plus de la t\u00e9fila sur place ou par Zoom :<\/p>\n\n\n\n<ul class=\"wp-block-list\"><li>Melav\u00e9 Malka en cours<\/li><li>Cours bi-mensuel par un de nos intervenants<\/li><li>Conf\u00e9rences<\/li><li>Activit\u00e9s de Yom Haatzmaout et de Yom HaShoah<\/li><\/ul>\n\n\n\n<p>Cf. menu d\u00e9roulant ci-dessous.<\/p>\n","protected":false},"excerpt":{"rendered":"<p>La Synagogue propose les activit\u00e9s suivantes en plus de la t\u00e9fila sur place ou par Zoom : Melav\u00e9 Malka en cours Cours bi-mensuel par un de nos intervenants Conf\u00e9rences Activit\u00e9s de Yom Haatzmaout et de Yom HaShoah Cf. menu d\u00e9roulant ci-dessous.<\/p>\n","protected":false},"author":1,"featured_media":0,"parent":0,"menu_order":0,"comment_status":"closed","ping_status":"closed","template":"template-parts\/page-template-full-width.php","meta":{"footnotes":""},"class_list":["post-371","page","type-page","status-publish","hentry"],"_links":{"self":[{"href":"https:\/\/www.synagogue-montevideo31.com\/index.php?rest_route=\/wp\/v2\/pages\/371","targetHints":{"allow":["GET"]}}],"collection":[{"href":"https:\/\/www.synagogue-montevideo31.com\/index.php?rest_route=\/wp\/v2\/pages"}],"about":[{"href":"https:\/\/www.synagogue-montevideo31.com\/index.php?rest_route=\/wp\/v2\/types\/page"}],"author":[{"embeddable":true,"href":"https:\/\/www.synagogue-montevideo31.com\/index.php?rest_route=\/wp\/v2\/users\/1"}],"replies":[{"embeddable":true,"href":"https:\/\/www.synagogue-montevideo31.com\/index.php?rest_route=%2Fwp%2Fv2%2Fcomments&post=371"}],"version-history":[{"count":4,"href":"https:\/\/www.synagogue-montevideo31.com\/index.php?rest_route=\/wp\/v2\/pages\/371\/revisions"}],"predecessor-version":[{"id":2058,"href":"https:\/\/www.synagogue-montevideo31.com\/index.php?rest_route=\/wp\/v2\/pages\/371\/revisions\/2058"}],"wp:attachment":[{"href":"https:\/\/www.synagogue-montevideo31.com\/index.php?rest_route=%2Fwp%2Fv2%2Fmedia&parent=371"}],"curies":[{"name":"wp","href":"https:\/\/api.w.org\/{rel}","templated":true}]}}