{"id":364,"date":"2020-06-16T14:23:07","date_gmt":"2020-06-16T12:23:07","guid":{"rendered":"http:\/\/www.synagogue-montevideo32.fr\/?page_id=364"},"modified":"2021-05-16T09:54:50","modified_gmt":"2021-05-16T07:54:50","slug":"yom-haatsmaout","status":"publish","type":"page","link":"https:\/\/www.synagogue-montevideo31.com\/?page_id=364","title":{"rendered":"Replay de Yom Haatzmaout"},"content":{"rendered":"\n<div class=\"wp-block-cover has-background-dim\" style=\"min-height:157px;aspect-ratio:unset;\"><img loading=\"lazy\" decoding=\"async\" width=\"2560\" height=\"1920\" class=\"wp-block-cover__image-background wp-image-391\" alt=\"\" src=\"http:\/\/www.synagogue-montevideo32.fr\/wp-content\/uploads\/2020\/06\/Shule-Juin-2020-Hanoucciah-scaled.jpg\" data-object-fit=\"cover\" srcset=\"https:\/\/www.synagogue-montevideo31.com\/wp-content\/uploads\/2020\/06\/Shule-Juin-2020-Hanoucciah-scaled.jpg 2560w, https:\/\/www.synagogue-montevideo31.com\/wp-content\/uploads\/2020\/06\/Shule-Juin-2020-Hanoucciah-300x225.jpg 300w, https:\/\/www.synagogue-montevideo31.com\/wp-content\/uploads\/2020\/06\/Shule-Juin-2020-Hanoucciah-1024x768.jpg 1024w, https:\/\/www.synagogue-montevideo31.com\/wp-content\/uploads\/2020\/06\/Shule-Juin-2020-Hanoucciah-768x576.jpg 768w, https:\/\/www.synagogue-montevideo31.com\/wp-content\/uploads\/2020\/06\/Shule-Juin-2020-Hanoucciah-1536x1152.jpg 1536w, https:\/\/www.synagogue-montevideo31.com\/wp-content\/uploads\/2020\/06\/Shule-Juin-2020-Hanoucciah-2048x1536.jpg 2048w, https:\/\/www.synagogue-montevideo31.com\/wp-content\/uploads\/2020\/06\/Shule-Juin-2020-Hanoucciah-600x450.jpg 600w\" sizes=\"auto, (max-width: 2560px) 100vw, 2560px\" \/><div class=\"wp-block-cover__inner-container is-layout-flow wp-block-cover-is-layout-flow\">\n<p class=\"has-text-align-center has-large-font-size\"><\/p>\n<\/div><\/div>\n\n\n\n<div style=\"height:27px\" aria-hidden=\"true\" class=\"wp-block-spacer\"><\/div>\n\n\n\n<div class=\"wp-block-media-text alignwide has-media-on-the-right is-stacked-on-mobile is-vertically-aligned-top\" style=\"grid-template-columns:auto 39%\"><figure class=\"wp-block-media-text__media\"><img loading=\"lazy\" decoding=\"async\" width=\"1024\" height=\"768\" src=\"http:\/\/www.synagogue-montevideo32.fr\/wp-content\/uploads\/2020\/06\/Yom-Haatzmaout1-1024x768.jpg\" alt=\"\" class=\"wp-image-610 size-full\" srcset=\"https:\/\/www.synagogue-montevideo31.com\/wp-content\/uploads\/2020\/06\/Yom-Haatzmaout1-1024x768.jpg 1024w, https:\/\/www.synagogue-montevideo31.com\/wp-content\/uploads\/2020\/06\/Yom-Haatzmaout1-300x225.jpg 300w, https:\/\/www.synagogue-montevideo31.com\/wp-content\/uploads\/2020\/06\/Yom-Haatzmaout1-768x576.jpg 768w, https:\/\/www.synagogue-montevideo31.com\/wp-content\/uploads\/2020\/06\/Yom-Haatzmaout1-1536x1152.jpg 1536w, https:\/\/www.synagogue-montevideo31.com\/wp-content\/uploads\/2020\/06\/Yom-Haatzmaout1-2048x1536.jpg 2048w, https:\/\/www.synagogue-montevideo31.com\/wp-content\/uploads\/2020\/06\/Yom-Haatzmaout1-600x450.jpg 600w\" sizes=\"auto, (max-width: 1024px) 100vw, 1024px\" \/><\/figure><div class=\"wp-block-media-text__content\">\n<p>Ci-dessous les derni\u00e8res conf\u00e9rences donn\u00e9es dans le cadre de la Communaut\u00e9 et ayant eu lieu pour Yom Haatzmaout.<\/p>\n<\/div><\/div>\n","protected":false},"excerpt":{"rendered":"<p>Ci-dessous les derni\u00e8res conf\u00e9rences donn\u00e9es dans le cadre de la Communaut\u00e9 et ayant eu lieu pour Yom Haatzmaout.<\/p>\n","protected":false},"author":1,"featured_media":0,"parent":0,"menu_order":0,"comment_status":"closed","ping_status":"closed","template":"template-parts\/page-template-full-width.php","meta":{"footnotes":""},"class_list":["post-364","page","type-page","status-publish","hentry"],"_links":{"self":[{"href":"https:\/\/www.synagogue-montevideo31.com\/index.php?rest_route=\/wp\/v2\/pages\/364","targetHints":{"allow":["GET"]}}],"collection":[{"href":"https:\/\/www.synagogue-montevideo31.com\/index.php?rest_route=\/wp\/v2\/pages"}],"about":[{"href":"https:\/\/www.synagogue-montevideo31.com\/index.php?rest_route=\/wp\/v2\/types\/page"}],"author":[{"embeddable":true,"href":"https:\/\/www.synagogue-montevideo31.com\/index.php?rest_route=\/wp\/v2\/users\/1"}],"replies":[{"embeddable":true,"href":"https:\/\/www.synagogue-montevideo31.com\/index.php?rest_route=%2Fwp%2Fv2%2Fcomments&post=364"}],"version-history":[{"count":20,"href":"https:\/\/www.synagogue-montevideo31.com\/index.php?rest_route=\/wp\/v2\/pages\/364\/revisions"}],"predecessor-version":[{"id":2416,"href":"https:\/\/www.synagogue-montevideo31.com\/index.php?rest_route=\/wp\/v2\/pages\/364\/revisions\/2416"}],"wp:attachment":[{"href":"https:\/\/www.synagogue-montevideo31.com\/index.php?rest_route=%2Fwp%2Fv2%2Fmedia&parent=364"}],"curies":[{"name":"wp","href":"https:\/\/api.w.org\/{rel}","templated":true}]}}