{"id":3623,"date":"2023-02-18T21:54:30","date_gmt":"2023-02-18T20:54:30","guid":{"rendered":"https:\/\/www.synagogue-montevideo31.com\/?page_id=3623"},"modified":"2024-11-29T16:04:39","modified_gmt":"2024-11-29T15:04:39","slug":"cercle-des-metiers","status":"publish","type":"page","link":"https:\/\/www.synagogue-montevideo31.com\/?page_id=3623","title":{"rendered":"Cercle des m\u00e9tiers"},"content":{"rendered":"\n<div class=\"wp-block-cover is-light\" style=\"min-height:135px;aspect-ratio:unset;\"><span aria-hidden=\"true\" class=\"wp-block-cover__background has-background-dim\"><\/span><img loading=\"lazy\" decoding=\"async\" width=\"2560\" height=\"1920\" class=\"wp-block-cover__image-background wp-image-391\" alt=\"\" src=\"https:\/\/www.synagogue-montevideo31.com\/wp-content\/uploads\/2020\/06\/Shule-Juin-2020-Hanoucciah-scaled.jpg\" data-object-fit=\"cover\" srcset=\"https:\/\/www.synagogue-montevideo31.com\/wp-content\/uploads\/2020\/06\/Shule-Juin-2020-Hanoucciah-scaled.jpg 2560w, https:\/\/www.synagogue-montevideo31.com\/wp-content\/uploads\/2020\/06\/Shule-Juin-2020-Hanoucciah-300x225.jpg 300w, https:\/\/www.synagogue-montevideo31.com\/wp-content\/uploads\/2020\/06\/Shule-Juin-2020-Hanoucciah-1024x768.jpg 1024w, https:\/\/www.synagogue-montevideo31.com\/wp-content\/uploads\/2020\/06\/Shule-Juin-2020-Hanoucciah-768x576.jpg 768w, https:\/\/www.synagogue-montevideo31.com\/wp-content\/uploads\/2020\/06\/Shule-Juin-2020-Hanoucciah-1536x1152.jpg 1536w, https:\/\/www.synagogue-montevideo31.com\/wp-content\/uploads\/2020\/06\/Shule-Juin-2020-Hanoucciah-2048x1536.jpg 2048w, https:\/\/www.synagogue-montevideo31.com\/wp-content\/uploads\/2020\/06\/Shule-Juin-2020-Hanoucciah-600x450.jpg 600w\" sizes=\"auto, (max-width: 2560px) 100vw, 2560px\" \/><div class=\"wp-block-cover__inner-container is-layout-flow wp-block-cover-is-layout-flow\">\n<p class=\"has-text-align-center has-large-font-size\"><\/p>\n<\/div><\/div>\n\n\n\n<div style=\"height:34px\" aria-hidden=\"true\" class=\"wp-block-spacer\"><\/div>\n\n\n\n<div style=\"height:34px\" aria-hidden=\"true\" class=\"wp-block-spacer\"><\/div>\n\n\n\n<h3 class=\"wp-block-heading\">Novembre 2024 : Avidan Kogel pr\u00e9sente le m\u00e9tier de m\u00e9decin<\/h3>\n\n\n\n<figure class=\"wp-block-embed is-type-video is-provider-youtube wp-block-embed-youtube wp-embed-aspect-16-9 wp-has-aspect-ratio\"><div class=\"wp-block-embed__wrapper\">\n<iframe loading=\"lazy\"  id=\"_ytid_54003\"  width=\"800\" height=\"450\"  data-origwidth=\"800\" data-origheight=\"450\" src=\"https:\/\/www.youtube.com\/embed\/HdM3cWR6ZzQ?enablejsapi=1&#038;autoplay=0&#038;cc_load_policy=0&#038;cc_lang_pref=&#038;iv_load_policy=1&#038;loop=0&#038;rel=1&#038;fs=1&#038;playsinline=0&#038;autohide=2&#038;theme=dark&#038;color=red&#038;controls=1&#038;disablekb=0&#038;\" class=\"__youtube_prefs__  epyt-is-override  no-lazyload\" title=\"YouTube player\"  allow=\"fullscreen; accelerometer; autoplay; clipboard-write; encrypted-media; gyroscope; picture-in-picture; web-share\" referrerpolicy=\"strict-origin-when-cross-origin\" allowfullscreen data-no-lazy=\"1\" data-skipgform_ajax_framebjll=\"\"><\/iframe>\n<\/div><\/figure>\n\n\n\n<p><\/p>\n\n\n\n<h3 class=\"wp-block-heading\">Mars 2023 : Myriam Iteanu pr\u00e9sente le m\u00e9tier de m\u00e9diateur<\/h3>\n\n\n\n<figure class=\"wp-block-embed is-type-video is-provider-youtube wp-block-embed-youtube wp-embed-aspect-16-9 wp-has-aspect-ratio\"><div class=\"wp-block-embed__wrapper\">\n<iframe loading=\"lazy\"  id=\"_ytid_45825\"  width=\"800\" height=\"450\"  data-origwidth=\"800\" data-origheight=\"450\" src=\"https:\/\/www.youtube.com\/embed\/RkKugvocdoU?enablejsapi=1&#038;autoplay=0&#038;cc_load_policy=0&#038;cc_lang_pref=&#038;iv_load_policy=1&#038;loop=0&#038;rel=1&#038;fs=1&#038;playsinline=0&#038;autohide=2&#038;theme=dark&#038;color=red&#038;controls=1&#038;disablekb=0&#038;\" class=\"__youtube_prefs__  epyt-is-override  no-lazyload\" title=\"YouTube player\"  allow=\"fullscreen; accelerometer; autoplay; clipboard-write; encrypted-media; gyroscope; picture-in-picture; web-share\" referrerpolicy=\"strict-origin-when-cross-origin\" allowfullscreen data-no-lazy=\"1\" data-skipgform_ajax_framebjll=\"\"><\/iframe>\n<\/div><\/figure>\n\n\n\n<h3 class=\"wp-block-heading\">F\u00e9vrier 2023 : Hillel Sebag pr\u00e9sente son activit\u00e9 d&#8217;export de produits frais<\/h3>\n\n\n\n<figure class=\"wp-block-embed is-type-video is-provider-youtube wp-block-embed-youtube wp-embed-aspect-16-9 wp-has-aspect-ratio\"><div class=\"wp-block-embed__wrapper\">\n<iframe loading=\"lazy\"  id=\"_ytid_16685\"  width=\"800\" height=\"450\"  data-origwidth=\"800\" data-origheight=\"450\" src=\"https:\/\/www.youtube.com\/embed\/kSFOcIMjCg4?enablejsapi=1&#038;autoplay=0&#038;cc_load_policy=0&#038;cc_lang_pref=&#038;iv_load_policy=1&#038;loop=0&#038;rel=1&#038;fs=1&#038;playsinline=0&#038;autohide=2&#038;theme=dark&#038;color=red&#038;controls=1&#038;disablekb=0&#038;\" class=\"__youtube_prefs__  epyt-is-override  no-lazyload\" title=\"YouTube player\"  allow=\"fullscreen; accelerometer; autoplay; clipboard-write; encrypted-media; gyroscope; picture-in-picture; web-share\" referrerpolicy=\"strict-origin-when-cross-origin\" allowfullscreen data-no-lazy=\"1\" data-skipgform_ajax_framebjll=\"\"><\/iframe>\n<\/div><\/figure>\n\n\n\n<p><\/p>\n","protected":false},"excerpt":{"rendered":"<p>Novembre 2024 : Avidan Kogel pr\u00e9sente le m\u00e9tier de m\u00e9decin Mars 2023 : Myriam Iteanu pr\u00e9sente le m\u00e9tier de m\u00e9diateur F\u00e9vrier 2023 : Hillel Sebag pr\u00e9sente son activit\u00e9 d&#8217;export de produits frais<\/p>\n","protected":false},"author":1,"featured_media":0,"parent":0,"menu_order":0,"comment_status":"closed","ping_status":"closed","template":"template-parts\/page-template-full-width.php","meta":{"footnotes":""},"class_list":["post-3623","page","type-page","status-publish","hentry"],"_links":{"self":[{"href":"https:\/\/www.synagogue-montevideo31.com\/index.php?rest_route=\/wp\/v2\/pages\/3623","targetHints":{"allow":["GET"]}}],"collection":[{"href":"https:\/\/www.synagogue-montevideo31.com\/index.php?rest_route=\/wp\/v2\/pages"}],"about":[{"href":"https:\/\/www.synagogue-montevideo31.com\/index.php?rest_route=\/wp\/v2\/types\/page"}],"author":[{"embeddable":true,"href":"https:\/\/www.synagogue-montevideo31.com\/index.php?rest_route=\/wp\/v2\/users\/1"}],"replies":[{"embeddable":true,"href":"https:\/\/www.synagogue-montevideo31.com\/index.php?rest_route=%2Fwp%2Fv2%2Fcomments&post=3623"}],"version-history":[{"count":7,"href":"https:\/\/www.synagogue-montevideo31.com\/index.php?rest_route=\/wp\/v2\/pages\/3623\/revisions"}],"predecessor-version":[{"id":4606,"href":"https:\/\/www.synagogue-montevideo31.com\/index.php?rest_route=\/wp\/v2\/pages\/3623\/revisions\/4606"}],"wp:attachment":[{"href":"https:\/\/www.synagogue-montevideo31.com\/index.php?rest_route=%2Fwp%2Fv2%2Fmedia&parent=3623"}],"curies":[{"name":"wp","href":"https:\/\/api.w.org\/{rel}","templated":true}]}}