{"id":2382,"date":"2021-05-10T20:21:15","date_gmt":"2021-05-10T18:21:15","guid":{"rendered":"https:\/\/www.synagogue-montevideo31.com\/?page_id=2382"},"modified":"2021-05-10T20:30:29","modified_gmt":"2021-05-10T18:30:29","slug":"replay-de-yom-yerouchalayim","status":"publish","type":"page","link":"https:\/\/www.synagogue-montevideo31.com\/?page_id=2382","title":{"rendered":"Replay de Yom Y\u00e9rouchalayim"},"content":{"rendered":"\n<div class=\"wp-block-cover has-background-dim\" style=\"min-height:116px;aspect-ratio:unset;\"><img loading=\"lazy\" decoding=\"async\" width=\"2560\" height=\"1920\" class=\"wp-block-cover__image-background wp-image-391\" alt=\"\" src=\"https:\/\/www.synagogue-montevideo31.com\/wp-content\/uploads\/2020\/06\/Shule-Juin-2020-Hanoucciah-scaled.jpg\" data-object-fit=\"cover\" srcset=\"https:\/\/www.synagogue-montevideo31.com\/wp-content\/uploads\/2020\/06\/Shule-Juin-2020-Hanoucciah-scaled.jpg 2560w, https:\/\/www.synagogue-montevideo31.com\/wp-content\/uploads\/2020\/06\/Shule-Juin-2020-Hanoucciah-300x225.jpg 300w, https:\/\/www.synagogue-montevideo31.com\/wp-content\/uploads\/2020\/06\/Shule-Juin-2020-Hanoucciah-1024x768.jpg 1024w, https:\/\/www.synagogue-montevideo31.com\/wp-content\/uploads\/2020\/06\/Shule-Juin-2020-Hanoucciah-768x576.jpg 768w, https:\/\/www.synagogue-montevideo31.com\/wp-content\/uploads\/2020\/06\/Shule-Juin-2020-Hanoucciah-1536x1152.jpg 1536w, https:\/\/www.synagogue-montevideo31.com\/wp-content\/uploads\/2020\/06\/Shule-Juin-2020-Hanoucciah-2048x1536.jpg 2048w, https:\/\/www.synagogue-montevideo31.com\/wp-content\/uploads\/2020\/06\/Shule-Juin-2020-Hanoucciah-600x450.jpg 600w\" sizes=\"auto, (max-width: 2560px) 100vw, 2560px\" \/><div class=\"wp-block-cover__inner-container is-layout-flow wp-block-cover-is-layout-flow\">\n<p class=\"has-text-align-center has-large-font-size\"><\/p>\n<\/div><\/div>\n\n\n\n<div style=\"height:44px\" aria-hidden=\"true\" class=\"wp-block-spacer\"><\/div>\n\n\n\n<h2 class=\"wp-block-heading\">Dimanche 9 Mai 2021<\/h2>\n\n\n\n<p>Ci-dessous le dernier \u00e9v\u00e9nement qui a eu lieu pour cette comm\u00e9moration, en partenariat avec la Grande Synagogue de Paris :<\/p>\n\n\n\n<figure class=\"wp-block-embed is-type-video is-provider-youtube wp-block-embed-youtube wp-embed-aspect-16-9 wp-has-aspect-ratio\"><div class=\"wp-block-embed__wrapper\">\n<iframe loading=\"lazy\"  id=\"_ytid_81311\"  width=\"800\" height=\"450\"  data-origwidth=\"800\" data-origheight=\"450\" src=\"https:\/\/www.youtube.com\/embed\/MSTKR_c4leY?enablejsapi=1&#038;autoplay=0&#038;cc_load_policy=0&#038;cc_lang_pref=&#038;iv_load_policy=1&#038;loop=0&#038;rel=1&#038;fs=1&#038;playsinline=0&#038;autohide=2&#038;theme=dark&#038;color=red&#038;controls=1&#038;disablekb=0&#038;\" class=\"__youtube_prefs__  epyt-is-override  no-lazyload\" title=\"YouTube player\"  allow=\"fullscreen; accelerometer; autoplay; clipboard-write; encrypted-media; gyroscope; picture-in-picture; web-share\" referrerpolicy=\"strict-origin-when-cross-origin\" allowfullscreen data-no-lazy=\"1\" data-skipgform_ajax_framebjll=\"\"><\/iframe>\n<\/div><\/figure>\n","protected":false},"excerpt":{"rendered":"<p>Dimanche 9 Mai 2021 Ci-dessous le dernier \u00e9v\u00e9nement qui a eu lieu pour cette comm\u00e9moration, en partenariat avec la Grande Synagogue de Paris :<\/p>\n","protected":false},"author":1,"featured_media":0,"parent":0,"menu_order":0,"comment_status":"closed","ping_status":"closed","template":"template-parts\/page-template-full-width.php","meta":{"footnotes":""},"class_list":["post-2382","page","type-page","status-publish","hentry"],"_links":{"self":[{"href":"https:\/\/www.synagogue-montevideo31.com\/index.php?rest_route=\/wp\/v2\/pages\/2382","targetHints":{"allow":["GET"]}}],"collection":[{"href":"https:\/\/www.synagogue-montevideo31.com\/index.php?rest_route=\/wp\/v2\/pages"}],"about":[{"href":"https:\/\/www.synagogue-montevideo31.com\/index.php?rest_route=\/wp\/v2\/types\/page"}],"author":[{"embeddable":true,"href":"https:\/\/www.synagogue-montevideo31.com\/index.php?rest_route=\/wp\/v2\/users\/1"}],"replies":[{"embeddable":true,"href":"https:\/\/www.synagogue-montevideo31.com\/index.php?rest_route=%2Fwp%2Fv2%2Fcomments&post=2382"}],"version-history":[{"count":4,"href":"https:\/\/www.synagogue-montevideo31.com\/index.php?rest_route=\/wp\/v2\/pages\/2382\/revisions"}],"predecessor-version":[{"id":2388,"href":"https:\/\/www.synagogue-montevideo31.com\/index.php?rest_route=\/wp\/v2\/pages\/2382\/revisions\/2388"}],"wp:attachment":[{"href":"https:\/\/www.synagogue-montevideo31.com\/index.php?rest_route=%2Fwp%2Fv2%2Fmedia&parent=2382"}],"curies":[{"name":"wp","href":"https:\/\/api.w.org\/{rel}","templated":true}]}}