{"id":192,"date":"2020-06-02T16:53:38","date_gmt":"2020-06-02T14:53:38","guid":{"rendered":"http:\/\/www.synagogue-montevideo32.fr\/?page_id=192"},"modified":"2021-08-29T15:48:33","modified_gmt":"2021-08-29T13:48:33","slug":"des-fetes","status":"publish","type":"page","link":"https:\/\/www.synagogue-montevideo31.com\/?page_id=192","title":{"rendered":"Les Airs des F\u00eates"},"content":{"rendered":"<p>Sont disponibles ici des extraits de la liturgie de la Synagogue Mont\u00e9vid\u00e9o, chant\u00e9s  selon le rite achk\u00e9naze, et pour les diff\u00e9rentes f\u00eates de l&#8217;ann\u00e9e juive, de Roch Hachana, \u00e0 Chavouot, ainsi que pour d&#8217;autres f\u00eates.<\/p>\r\n\r\n\r\n\r\n<div class=\"wp-block-media-text alignwide has-media-on-the-right is-stacked-on-mobile is-vertically-aligned-top\" style=\"grid-template-columns:auto 19%\"><figure class=\"wp-block-media-text__media\"><img loading=\"lazy\" decoding=\"async\" width=\"1024\" height=\"1024\" src=\"http:\/\/www.synagogue-montevideo32.fr\/wp-content\/uploads\/2020\/06\/judaism-2823045_1920-1024x1024.png\" alt=\"\" class=\"wp-image-652\" srcset=\"https:\/\/www.synagogue-montevideo31.com\/wp-content\/uploads\/2020\/06\/judaism-2823045_1920-1024x1024.png 1024w, https:\/\/www.synagogue-montevideo31.com\/wp-content\/uploads\/2020\/06\/judaism-2823045_1920-300x300.png 300w, https:\/\/www.synagogue-montevideo31.com\/wp-content\/uploads\/2020\/06\/judaism-2823045_1920-150x150.png 150w, https:\/\/www.synagogue-montevideo31.com\/wp-content\/uploads\/2020\/06\/judaism-2823045_1920-768x768.png 768w, https:\/\/www.synagogue-montevideo31.com\/wp-content\/uploads\/2020\/06\/judaism-2823045_1920-1536x1536.png 1536w, https:\/\/www.synagogue-montevideo31.com\/wp-content\/uploads\/2020\/06\/judaism-2823045_1920-600x600.png 600w, https:\/\/www.synagogue-montevideo31.com\/wp-content\/uploads\/2020\/06\/judaism-2823045_1920-100x100.png 100w, https:\/\/www.synagogue-montevideo31.com\/wp-content\/uploads\/2020\/06\/judaism-2823045_1920.png 1920w\" sizes=\"auto, (max-width: 1024px) 100vw, 1024px\" \/><\/figure><div class=\"wp-block-media-text__content\">\r\n<h2 class=\"wp-block-heading\">Roch Hachana<\/h2>\r\n\r\n\r\n\r\n<p>Marque le d\u00e9but de l&#8217;ann\u00e9e juive et d\u00e9bute le 1er Tichri. <\/p>\r\n\r\n\r\n\r\n<p>Acc\u00e9der aux diff\u00e9rents extraits :<\/p>\r\n\r\n\r\n\r\n<h3 class=\"wp-block-heading\"><a href=\"https:\/\/www.synagogue-montevideo31.com\/?p=654\">Liturgie de Roch Hachana<\/a><\/h3>\r\n<\/div><\/div>\r\n\r\n\r\n\r\n<div style=\"height:29px\" aria-hidden=\"true\" class=\"wp-block-spacer\"><\/div>\r\n\r\n\r\n\r\n<div class=\"wp-block-media-text alignwide has-media-on-the-right is-stacked-on-mobile is-vertically-aligned-top\" style=\"grid-template-columns:auto 19%\"><figure class=\"wp-block-media-text__media\"><img loading=\"lazy\" decoding=\"async\" width=\"1024\" height=\"683\" src=\"http:\/\/www.synagogue-montevideo32.fr\/wp-content\/uploads\/2020\/06\/book-day-4579452_1920-1-1024x683.jpg\" alt=\"\" class=\"wp-image-672\" srcset=\"https:\/\/www.synagogue-montevideo31.com\/wp-content\/uploads\/2020\/06\/book-day-4579452_1920-1-1024x683.jpg 1024w, https:\/\/www.synagogue-montevideo31.com\/wp-content\/uploads\/2020\/06\/book-day-4579452_1920-1-300x200.jpg 300w, https:\/\/www.synagogue-montevideo31.com\/wp-content\/uploads\/2020\/06\/book-day-4579452_1920-1-768x512.jpg 768w, https:\/\/www.synagogue-montevideo31.com\/wp-content\/uploads\/2020\/06\/book-day-4579452_1920-1-1536x1024.jpg 1536w, https:\/\/www.synagogue-montevideo31.com\/wp-content\/uploads\/2020\/06\/book-day-4579452_1920-1-600x400.jpg 600w, https:\/\/www.synagogue-montevideo31.com\/wp-content\/uploads\/2020\/06\/book-day-4579452_1920-1.jpg 1920w\" sizes=\"auto, (max-width: 1024px) 100vw, 1024px\" \/><\/figure><div class=\"wp-block-media-text__content\">\r\n<h2 class=\"wp-block-heading\">Yom Kippour<\/h2>\r\n\r\n\r\n\r\n<p>Le grand pardon, journ\u00e9e solennelle o\u00f9 nous prions pendant pr\u00e8s de 12 heures, le 10 Tichri.<\/p>\r\n\r\n\r\n\r\n<h3 class=\"wp-block-heading\"><a href=\"https:\/\/www.synagogue-montevideo31.com\/?p=656\" data-type=\"URL\" data-id=\"https:\/\/www.synagogue-montevideo31.com\/?p=656\">Liturgie de Yom Kippour<\/a><\/h3>\r\n<\/div><\/div>\r\n\r\n\r\n\r\n<div style=\"height:29px\" aria-hidden=\"true\" class=\"wp-block-spacer\"><\/div>\r\n\r\n\r\n\r\n<div class=\"wp-block-media-text alignwide has-media-on-the-right is-stacked-on-mobile is-vertically-aligned-top\" style=\"grid-template-columns:auto 19%\"><figure class=\"wp-block-media-text__media\"><img loading=\"lazy\" decoding=\"async\" width=\"1024\" height=\"683\" src=\"http:\/\/www.synagogue-montevideo32.fr\/wp-content\/uploads\/2020\/06\/house-197369_1920-1024x683.jpg\" alt=\"\" class=\"wp-image-681\" srcset=\"https:\/\/www.synagogue-montevideo31.com\/wp-content\/uploads\/2020\/06\/house-197369_1920-1024x683.jpg 1024w, https:\/\/www.synagogue-montevideo31.com\/wp-content\/uploads\/2020\/06\/house-197369_1920-300x200.jpg 300w, https:\/\/www.synagogue-montevideo31.com\/wp-content\/uploads\/2020\/06\/house-197369_1920-768x512.jpg 768w, https:\/\/www.synagogue-montevideo31.com\/wp-content\/uploads\/2020\/06\/house-197369_1920-1536x1024.jpg 1536w, https:\/\/www.synagogue-montevideo31.com\/wp-content\/uploads\/2020\/06\/house-197369_1920-600x400.jpg 600w, https:\/\/www.synagogue-montevideo31.com\/wp-content\/uploads\/2020\/06\/house-197369_1920.jpg 1920w\" sizes=\"auto, (max-width: 1024px) 100vw, 1024px\" \/><\/figure><div class=\"wp-block-media-text__content\">\r\n<h2 class=\"wp-block-heading\">Souccot, Pessa&#8217;h, Chavouot<\/h2>\r\n\r\n\r\n\r\n<p>En plus de Roch Hachana, les 3 f\u00eates de p\u00e8lerinage sont des jours de yom tov et la liturgie y est particuli\u00e8re :<\/p>\r\n\r\n\r\n\r\n<h3 class=\"wp-block-heading\"><a href=\"https:\/\/www.synagogue-montevideo31.com\/?p=658\">Liturgie de Yom Tov<\/a><\/h3>\r\n<\/div><\/div>\r\n\r\n\r\n\r\n<p><\/p>","protected":false},"excerpt":{"rendered":"<p>Sont disponibles ici des extraits de la liturgie de la Synagogue Mont\u00e9vid\u00e9o, chant\u00e9s selon le rite achk\u00e9naze, et pour les diff\u00e9rentes f\u00eates de l&#8217;ann\u00e9e juive, de Roch Hachana, \u00e0 Chavouot, ainsi que pour d&#8217;autres f\u00eates. Roch Hachana Marque le d\u00e9but de l&#8217;ann\u00e9e juive et d\u00e9bute le 1er Tichri. Acc\u00e9der aux diff\u00e9rents extraits : Liturgie de Roch Hachana Yom Kippour Le grand pardon, journ\u00e9e solennelle o\u00f9 nous prions pendant pr\u00e8s de 12 heures, le 10 Tichri. Liturgie de Yom Kippour Souccot, Pessa&#8217;h, Chavouot En plus de Roch Hachana, les 3 f\u00eates de p\u00e8lerinage sont des jours de yom tov et la&#8230; <\/p>\n","protected":false},"author":1,"featured_media":0,"parent":0,"menu_order":0,"comment_status":"closed","ping_status":"closed","template":"template-parts\/page-template-full-width.php","meta":{"footnotes":""},"class_list":["post-192","page","type-page","status-publish","hentry"],"_links":{"self":[{"href":"https:\/\/www.synagogue-montevideo31.com\/index.php?rest_route=\/wp\/v2\/pages\/192","targetHints":{"allow":["GET"]}}],"collection":[{"href":"https:\/\/www.synagogue-montevideo31.com\/index.php?rest_route=\/wp\/v2\/pages"}],"about":[{"href":"https:\/\/www.synagogue-montevideo31.com\/index.php?rest_route=\/wp\/v2\/types\/page"}],"author":[{"embeddable":true,"href":"https:\/\/www.synagogue-montevideo31.com\/index.php?rest_route=\/wp\/v2\/users\/1"}],"replies":[{"embeddable":true,"href":"https:\/\/www.synagogue-montevideo31.com\/index.php?rest_route=%2Fwp%2Fv2%2Fcomments&post=192"}],"version-history":[{"count":43,"href":"https:\/\/www.synagogue-montevideo31.com\/index.php?rest_route=\/wp\/v2\/pages\/192\/revisions"}],"predecessor-version":[{"id":2680,"href":"https:\/\/www.synagogue-montevideo31.com\/index.php?rest_route=\/wp\/v2\/pages\/192\/revisions\/2680"}],"wp:attachment":[{"href":"https:\/\/www.synagogue-montevideo31.com\/index.php?rest_route=%2Fwp%2Fv2%2Fmedia&parent=192"}],"curies":[{"name":"wp","href":"https:\/\/api.w.org\/{rel}","templated":true}]}}