{"id":190,"date":"2020-06-02T16:53:25","date_gmt":"2020-06-02T14:53:25","guid":{"rendered":"http:\/\/www.synagogue-montevideo32.fr\/?page_id=190"},"modified":"2025-05-29T23:32:34","modified_gmt":"2025-05-29T21:32:34","slug":"du-chabat","status":"publish","type":"page","link":"https:\/\/www.synagogue-montevideo31.com\/?page_id=190","title":{"rendered":"Les Airs du Chabbat"},"content":{"rendered":"\n<div class=\"wp-block-columns is-layout-flex wp-container-core-columns-is-layout-9d6595d7 wp-block-columns-is-layout-flex\">\n<div class=\"wp-block-column is-layout-flow wp-block-column-is-layout-flow\">\n<p>La liturgie du Chabbat est r\u00e9pertori\u00e9e par office.<\/p>\n\n\n\n<h2 class=\"wp-block-heading\">Maariv<\/h2>\n\n\n\n<p><strong>L\u00e9kha dodi, <\/strong>selon un air chant\u00e9 tout au long de l&#8217;ann\u00e9e :<\/p>\n\n\n\n<figure class=\"wp-block-audio\"><audio controls src=\"\/liturgie\/Benizri\/Lekha Dodi.mp3\"><\/audio><figcaption class=\"wp-element-caption\">&#8216;Hazan Rapha\u00ebl Benizri<\/figcaption><\/figure>\n\n\n\n<p><strong>L\u00e9kha dodi<\/strong> (selon l&#8217;air chant\u00e9 pendant la semaine qui pr\u00e9c\u00e8de le 9AV) :<\/p>\n\n\n\n<figure class=\"wp-block-audio\"><audio controls src=\"http:\/\/www.synagogue-montevideo31.com\/liturgie\/chabat\/Lekha dodi 9 jours.mp3\"><\/audio><figcaption class=\"wp-element-caption\">&#8216;Hazan Shmouel Shapiro<\/figcaption><\/figure>\n\n\n\n<h2>Cha&#8217;harit<\/h2>\n\n\n\n<p><strong>Passage pr\u00e9c\u00e9dant Bar\u00e9khou : Chokh\u00e8n Ad<\/strong><\/p>\n\n\n\n<figure class=\"wp-block-audio\"><audio controls src=\"http:\/\/www.synagogue-montevideo31.com\/liturgie\/chabat\/ChakharitChabat-Chokhenad.mp3\"><\/audio><figcaption class=\"wp-element-caption\">&#8216;Hazan Shmouel Shapiro<\/figcaption><\/figure>\n\n\n\n<p><strong>Extrait N\u00b01 de Bar\u00e9khou : \u00e8l adon<\/strong><\/p>\n\n\n\n<figure class=\"wp-block-audio\"><audio controls src=\"http:\/\/www.synagogue-montevideo31.com\/liturgie\/chabat\/ChaharitChabbatELAdon.mp3\"><\/audio><figcaption class=\"wp-element-caption\">&#8216;Hazan Shmouel Shapiro<\/figcaption><\/figure>\n<\/div>\n\n\n\n<div class=\"wp-block-column is-layout-flow wp-block-column-is-layout-flow\">\n<figure class=\"wp-block-image size-large\"><img loading=\"lazy\" decoding=\"async\" width=\"1024\" height=\"768\" src=\"http:\/\/www.synagogue-montevideo32.fr\/wp-content\/uploads\/2020\/06\/Shule-Juin-2020-Hanoucciah-1024x768.jpg\" alt=\"\" class=\"wp-image-391\" srcset=\"https:\/\/www.synagogue-montevideo31.com\/wp-content\/uploads\/2020\/06\/Shule-Juin-2020-Hanoucciah-1024x768.jpg 1024w, https:\/\/www.synagogue-montevideo31.com\/wp-content\/uploads\/2020\/06\/Shule-Juin-2020-Hanoucciah-300x225.jpg 300w, https:\/\/www.synagogue-montevideo31.com\/wp-content\/uploads\/2020\/06\/Shule-Juin-2020-Hanoucciah-768x576.jpg 768w, https:\/\/www.synagogue-montevideo31.com\/wp-content\/uploads\/2020\/06\/Shule-Juin-2020-Hanoucciah-1536x1152.jpg 1536w, https:\/\/www.synagogue-montevideo31.com\/wp-content\/uploads\/2020\/06\/Shule-Juin-2020-Hanoucciah-2048x1536.jpg 2048w, https:\/\/www.synagogue-montevideo31.com\/wp-content\/uploads\/2020\/06\/Shule-Juin-2020-Hanoucciah-600x450.jpg 600w\" sizes=\"auto, (max-width: 1024px) 100vw, 1024px\" \/><\/figure>\n<\/div>\n<\/div>\n\n\n\n<p><strong>Extrait N\u00b02 de Bar\u00e9khou :<\/strong> <strong>Koulam ahouvim et L\u00e9\u00e8l baroukh<\/strong><\/p>\n\n\n\n<figure class=\"wp-block-audio\"><audio controls src=\"http:\/\/www.synagogue-montevideo31.com\/liturgie\/chabat\/Cha'harit chabbat Yotzer.mp3\"><\/audio><figcaption class=\"wp-element-caption\">&#8216;Hazan Shmouel Shapiro<\/figcaption><\/figure>\n\n\n\n<p><strong>Rentr\u00e9e de la Torah<\/strong><\/p>\n\n\n\n<figure class=\"wp-block-audio\"><audio controls src=\"http:\/\/www.synagogue-montevideo31.com\/liturgie\/chabat\/Rentreedelatorah.mp3\"><\/audio><figcaption class=\"wp-element-caption\">&#8216;Hazan Shmouel Shapiro<\/figcaption><\/figure>\n\n\n\n<h2 class=\"wp-block-heading\">Kiddouch de Chabbat matin<\/h2>\n\n\n\n<p>A la fin de l&#8217;office de Moussaf, on r\u00e9cite le Kiddouch.<\/p>\n\n\n\n<figure class=\"wp-block-audio\"><audio controls src=\"http:\/\/www.synagogue-montevideo31.com\/liturgie\/chabat\/Kiddouch chabbat matin.mp3\"><\/audio><figcaption class=\"wp-element-caption\">&#8216;Hazan Shmouel Shapiro<\/figcaption><\/figure>\n\n\n<h2><a href=\"https:\/\/www.synagogue-montevideo32.fr\/?p=1721\" data-wplink-edit=\"true\">Zemirot de Chabbat par Daniel Geissmann<\/a><\/h2>\n\n\n<p><\/p>\n","protected":false},"excerpt":{"rendered":"<p>La liturgie du Chabbat est r\u00e9pertori\u00e9e par office. Maariv L\u00e9kha dodi, selon un air chant\u00e9 tout au long de l&#8217;ann\u00e9e : L\u00e9kha dodi (selon l&#8217;air chant\u00e9 pendant la semaine qui pr\u00e9c\u00e8de le 9AV) : Cha&#8217;harit Passage pr\u00e9c\u00e9dant Bar\u00e9khou : Chokh\u00e8n Ad Extrait N\u00b01 de Bar\u00e9khou : \u00e8l adon Extrait N\u00b02 de Bar\u00e9khou : Koulam ahouvim et L\u00e9\u00e8l baroukh Rentr\u00e9e de la Torah Kiddouch de Chabbat matin A la fin de l&#8217;office de Moussaf, on r\u00e9cite le Kiddouch. Zemirot de Chabbat par Daniel Geissmann<\/p>\n","protected":false},"author":1,"featured_media":0,"parent":0,"menu_order":0,"comment_status":"closed","ping_status":"closed","template":"template-parts\/page-template-full-width.php","meta":{"footnotes":""},"class_list":["post-190","page","type-page","status-publish","hentry"],"_links":{"self":[{"href":"https:\/\/www.synagogue-montevideo31.com\/index.php?rest_route=\/wp\/v2\/pages\/190","targetHints":{"allow":["GET"]}}],"collection":[{"href":"https:\/\/www.synagogue-montevideo31.com\/index.php?rest_route=\/wp\/v2\/pages"}],"about":[{"href":"https:\/\/www.synagogue-montevideo31.com\/index.php?rest_route=\/wp\/v2\/types\/page"}],"author":[{"embeddable":true,"href":"https:\/\/www.synagogue-montevideo31.com\/index.php?rest_route=\/wp\/v2\/users\/1"}],"replies":[{"embeddable":true,"href":"https:\/\/www.synagogue-montevideo31.com\/index.php?rest_route=%2Fwp%2Fv2%2Fcomments&post=190"}],"version-history":[{"count":34,"href":"https:\/\/www.synagogue-montevideo31.com\/index.php?rest_route=\/wp\/v2\/pages\/190\/revisions"}],"predecessor-version":[{"id":4932,"href":"https:\/\/www.synagogue-montevideo31.com\/index.php?rest_route=\/wp\/v2\/pages\/190\/revisions\/4932"}],"wp:attachment":[{"href":"https:\/\/www.synagogue-montevideo31.com\/index.php?rest_route=%2Fwp%2Fv2%2Fmedia&parent=190"}],"curies":[{"name":"wp","href":"https:\/\/api.w.org\/{rel}","templated":true}]}}