{"id":188,"date":"2020-06-02T16:53:13","date_gmt":"2020-06-02T14:53:13","guid":{"rendered":"http:\/\/www.synagogue-montevideo32.fr\/?page_id=188"},"modified":"2022-01-09T22:53:49","modified_gmt":"2022-01-09T21:53:49","slug":"paracha","status":"publish","type":"page","link":"https:\/\/www.synagogue-montevideo31.com\/?page_id=188","title":{"rendered":"Parachiyot \/ Haftarot"},"content":{"rendered":"<div class=\"wp-block-cover has-background-dim\" style=\"background-image: url(&apos;http:\/\/www.synagogue-montevideo32.fr\/wp-content\/uploads\/2020\/06\/Shule-Juin-2020-Hanoucciah-scaled.jpg&apos;); min-height: 157px;aspect-ratio:unset;\">\r\n<div class=\"wp-block-cover__inner-container is-layout-flow wp-block-cover-is-layout-flow\">\r\n<p class=\"has-text-align-center has-large-font-size\">\u00a0<\/p>\r\n<\/div>\r\n<\/div>\r\n\r\n\r\n\r\n<div class=\"wp-block-spacer\" style=\"height: 28px;\" aria-hidden=\"true\">\u00a0<\/div>\r\n\r\n\r\n<p>Paracha de la semaine : Tazria - Metsora<\/p>\n\r\n\r\n\r\n<p>Vous trouverez sur cette page la liste des parachiyot et des haftarot de toute l&#8217;ann\u00e9e juive, chant\u00e9e selon la cantillation achkenaze de notre Synagogue.<\/p>\r\n\r\n\r\n\r\n<div class=\"wp-block-spacer\" style=\"height: 21px;\" aria-hidden=\"true\">\u00a0<\/div>\r\n\r\n\r\n\r\n<div class=\"wp-block-media-text alignwide has-media-on-the-right is-stacked-on-mobile is-vertically-aligned-top\" style=\"grid-template-columns: auto 58%;\">\r\n<figure class=\"wp-block-media-text__media\"><img loading=\"lazy\" decoding=\"async\" width=\"1024\" height=\"683\" class=\"wp-image-463\" src=\"http:\/\/www.synagogue-montevideo32.fr\/wp-content\/uploads\/2020\/06\/torah-4299038_1920-1024x683.jpg\" alt=\"\" srcset=\"https:\/\/www.synagogue-montevideo31.com\/wp-content\/uploads\/2020\/06\/torah-4299038_1920-1024x683.jpg 1024w, https:\/\/www.synagogue-montevideo31.com\/wp-content\/uploads\/2020\/06\/torah-4299038_1920-300x200.jpg 300w, https:\/\/www.synagogue-montevideo31.com\/wp-content\/uploads\/2020\/06\/torah-4299038_1920-768x512.jpg 768w, https:\/\/www.synagogue-montevideo31.com\/wp-content\/uploads\/2020\/06\/torah-4299038_1920-1536x1024.jpg 1536w, https:\/\/www.synagogue-montevideo31.com\/wp-content\/uploads\/2020\/06\/torah-4299038_1920-600x400.jpg 600w, https:\/\/www.synagogue-montevideo31.com\/wp-content\/uploads\/2020\/06\/torah-4299038_1920.jpg 1920w\" sizes=\"auto, (max-width: 1024px) 100vw, 1024px\" \/><\/figure>\r\n<div class=\"wp-block-media-text__content\">\r\n<h2><a href=\"https:\/\/www.synagogue-montevideo31.com\/?p=534\">Sefer Ber\u00e9chit (Gen\u00e8se)<\/a><\/h2>\r\n\r\n\r\n\r\n<h2 class=\"wp-block-heading\"><a href=\"http:\/\/www.synagogue-montevideo31.com\/?p=516\">Sefer Chemot (Exode)<\/a><\/h2>\r\n\r\n\r\n\r\n<h2><a href=\"http:\/\/www.synagogue-montevideo31.com\/?p=478\">Sefer Vayikra (L\u00e9vitique)<\/a><\/h2>\r\n\r\n\r\n\r\n<h2 class=\"wp-block-heading\"><a href=\"http:\/\/www.synagogue-montevideo31.com\/?p=423\">Sefer Bamidbar (Nombres)<\/a><\/h2>\r\n\r\n\r\n\r\n<h2 class=\"wp-block-heading\"><a href=\"http:\/\/www.synagogue-montevideo31.com\/?p=536\">Sefer Devarim (Deut\u00e9ronome)<\/a><\/h2>\r\n\r\n\r\n\r\n<h2>Les 4 Parachiyot<\/h2>\r\n<h3><a href=\"http:\/\/www.synagogue-montevideo31.com\/?p=641\">Chabbat Chekalim<\/a><\/h3>\r\n<h3><a href=\"http:\/\/www.synagogue-montevideo31.com\/?p=643\">Chabbat Za&#8217;hor<\/a><\/h3>\r\n<h3><a href=\"http:\/\/www.synagogue-montevideo31.com\/?p=645\">Chabbat Parah<\/a><\/h3>\r\n<h3><a href=\"http:\/\/www.synagogue-montevideo31.com\/?p=525\">Chabbat Ha&#8217;hodech<\/a><\/h3>\r\n<h3><a href=\".\/?p=1685\">Souccot<\/a><\/h3>\r\n<h3>\u00a0<\/h3>\r\n<h3>\u00a0<\/h3>\r\n\r\n\r\n\r\n<p>&nbsp;<\/p>\r\n<\/div>\r\n<\/div>","protected":false},"excerpt":{"rendered":"<p>Vous trouverez sur cette page la liste des parachiyot et des haftarot de toute l&#8217;ann\u00e9e juive, chant\u00e9e selon la cantillation achkenaze de notre Synagogue. Sefer Ber\u00e9chit (Gen\u00e8se) Sefer Chemot (Exode) Sefer Vayikra (L\u00e9vitique) Sefer Bamidbar (Nombres) Sefer Devarim (Deut\u00e9ronome) Les 4 Parachiyot Chabbat Chekalim Chabbat Za&#8217;hor Chabbat Parah Chabbat Ha&#8217;hodech Souccot \u00a0 \u00a0 &nbsp;<\/p>\n","protected":false},"author":1,"featured_media":0,"parent":0,"menu_order":0,"comment_status":"closed","ping_status":"closed","template":"","meta":{"footnotes":""},"class_list":["post-188","page","type-page","status-publish","hentry"],"_links":{"self":[{"href":"https:\/\/www.synagogue-montevideo31.com\/index.php?rest_route=\/wp\/v2\/pages\/188","targetHints":{"allow":["GET"]}}],"collection":[{"href":"https:\/\/www.synagogue-montevideo31.com\/index.php?rest_route=\/wp\/v2\/pages"}],"about":[{"href":"https:\/\/www.synagogue-montevideo31.com\/index.php?rest_route=\/wp\/v2\/types\/page"}],"author":[{"embeddable":true,"href":"https:\/\/www.synagogue-montevideo31.com\/index.php?rest_route=\/wp\/v2\/users\/1"}],"replies":[{"embeddable":true,"href":"https:\/\/www.synagogue-montevideo31.com\/index.php?rest_route=%2Fwp%2Fv2%2Fcomments&post=188"}],"version-history":[{"count":45,"href":"https:\/\/www.synagogue-montevideo31.com\/index.php?rest_route=\/wp\/v2\/pages\/188\/revisions"}],"predecessor-version":[{"id":3028,"href":"https:\/\/www.synagogue-montevideo31.com\/index.php?rest_route=\/wp\/v2\/pages\/188\/revisions\/3028"}],"wp:attachment":[{"href":"https:\/\/www.synagogue-montevideo31.com\/index.php?rest_route=%2Fwp%2Fv2%2Fmedia&parent=188"}],"curies":[{"name":"wp","href":"https:\/\/api.w.org\/{rel}","templated":true}]}}