{"id":182,"date":"2020-06-02T16:51:59","date_gmt":"2020-06-02T14:51:59","guid":{"rendered":"http:\/\/www.synagogue-montevideo32.fr\/?page_id=182"},"modified":"2021-08-29T15:23:03","modified_gmt":"2021-08-29T13:23:03","slug":"fetes","status":"publish","type":"page","link":"https:\/\/www.synagogue-montevideo31.com\/?page_id=182","title":{"rendered":"Offices des F\u00eates"},"content":{"rendered":"<div class=\"wp-block-media-text alignwide has-media-on-the-right is-stacked-on-mobile is-vertically-aligned-top\">\r\n<figure class=\"wp-block-media-text__media\"><img loading=\"lazy\" decoding=\"async\" width=\"1024\" height=\"683\" class=\"wp-image-403\" src=\"http:\/\/www.synagogue-montevideo32.fr\/wp-content\/uploads\/2020\/06\/jewish-1159704_1920-1024x683.jpg\" alt=\"\" srcset=\"https:\/\/www.synagogue-montevideo31.com\/wp-content\/uploads\/2020\/06\/jewish-1159704_1920-1024x683.jpg 1024w, https:\/\/www.synagogue-montevideo31.com\/wp-content\/uploads\/2020\/06\/jewish-1159704_1920-300x200.jpg 300w, https:\/\/www.synagogue-montevideo31.com\/wp-content\/uploads\/2020\/06\/jewish-1159704_1920-768x512.jpg 768w, https:\/\/www.synagogue-montevideo31.com\/wp-content\/uploads\/2020\/06\/jewish-1159704_1920-1536x1024.jpg 1536w, https:\/\/www.synagogue-montevideo31.com\/wp-content\/uploads\/2020\/06\/jewish-1159704_1920-600x400.jpg 600w, https:\/\/www.synagogue-montevideo31.com\/wp-content\/uploads\/2020\/06\/jewish-1159704_1920.jpg 1920w\" sizes=\"auto, (max-width: 1024px) 100vw, 1024px\" \/><\/figure>\r\n<div class=\"wp-block-media-text__content\">\r\n<p class=\"has-large-font-size\">\u00a0<\/p>\r\n\r\n\r\n\r\n<h2>Roch Hachana et Kippour<\/h2>\r\n<h4><span style=\"color: #208fe5;\">Rite achk\u00e9naze<\/span><\/h4>\r\n<p>Les offices sont c\u00e9l\u00e9br\u00e9s <strong>au 31 rue de Montevideo,<\/strong> comme tout au long de l&#8217;ann\u00e9e, se reporter au\u00a0<a href=\"https:\/\/www.synagogue-montevideo31.com\/?page_id=184\" target=\"_blank\" rel=\"noopener\">Calendrier.<\/a><\/p>\r\n<p>Gaba\u00ef : Marc Kogel<\/p>\r\n<h4><span style=\"color: #208fe5;\">Rite polonais<\/span><\/h4>\r\n<p>Les offices sont c\u00e9l\u00e9br\u00e9s <strong>au CCEW (Centre Communautaire Edmond Weil), rue Dufr\u00e9noy.<\/strong><\/p>\r\n<h4><span style=\"color: #208fe5;\">Rite s\u00e9farade<\/span><\/h4>\r\n<p>L&#8217;ACTI organise aussi des offices qui sont c\u00e9l\u00e9br\u00e9s <strong>boulevard Lannes.<\/strong><\/p>\r\n<h4><span style=\"color: #208fe5;\">Offices des jeunes<\/span><\/h4>\r\n<p>Organis\u00e9s et comment\u00e9s par le Professeur Claude Riveline, tous les offices sont dirig\u00e9s par des jeunes de la communaut\u00e9 qui prient et chantent selon nos airs traditionnels.<\/p>\r\n\r\n\r\n\r\n<div class=\"wp-block-spacer\" style=\"height: 41px;\" aria-hidden=\"true\">\u00a0<\/div>\r\n<\/div>\r\n<\/div>\r\n\r\n<p><em><strong>IMPORTANT : pour l\u2019ensemble des offices de Roch Hachana et de Kippour, les places doivent \u00eatre retenues au secr\u00e9tariat (places limit\u00e9es) ! Merci de nous envoyer un email en cliquant sur le lien d\u00e9di\u00e9 &#8220;Nous \u00e9crire&#8221; dans le bandeau du site, pour voir le tarif des places, <a href=\"http:\/\/www.synagogue-montevideo32.fr\/?page_id=555\" target=\"_blank\" rel=\"noopener noreferrer\">CLIQUER ICI.<\/a><\/strong><\/em><\/p>\r\n\r\n<div class=\"wp-block-spacer\" style=\"height: 26px;\" aria-hidden=\"true\">\u00a0<\/div>\r\n\r\n<p>&nbsp;<\/p>\r\n\r\n<div class=\"wp-block-media-text alignwide has-media-on-the-right is-stacked-on-mobile is-vertically-aligned-top\">\r\n<figure class=\"wp-block-media-text__media\"><img loading=\"lazy\" decoding=\"async\" width=\"1024\" height=\"678\" class=\"wp-image-406\" src=\"http:\/\/www.synagogue-montevideo32.fr\/wp-content\/uploads\/2020\/06\/tallit-444427_1920-1024x678.jpg\" alt=\"\" srcset=\"https:\/\/www.synagogue-montevideo31.com\/wp-content\/uploads\/2020\/06\/tallit-444427_1920-1024x678.jpg 1024w, https:\/\/www.synagogue-montevideo31.com\/wp-content\/uploads\/2020\/06\/tallit-444427_1920-300x199.jpg 300w, https:\/\/www.synagogue-montevideo31.com\/wp-content\/uploads\/2020\/06\/tallit-444427_1920-768x508.jpg 768w, https:\/\/www.synagogue-montevideo31.com\/wp-content\/uploads\/2020\/06\/tallit-444427_1920-1536x1017.jpg 1536w, https:\/\/www.synagogue-montevideo31.com\/wp-content\/uploads\/2020\/06\/tallit-444427_1920-600x397.jpg 600w, https:\/\/www.synagogue-montevideo31.com\/wp-content\/uploads\/2020\/06\/tallit-444427_1920.jpg 1920w\" sizes=\"auto, (max-width: 1024px) 100vw, 1024px\" \/><\/figure>\r\n<div class=\"wp-block-media-text__content\">\r\n<p class=\"has-large-font-size\">\u00a0<\/p>\r\n\r\n\r\n\r\n<h2>Souccot, Pessa&#8217;h et Chavouot<\/h2>\r\n<p>Les offices sont c\u00e9l\u00e9br\u00e9s selon <strong>le rite achk\u00e9naze de la Synagogue, au 31 rue de Montevideo,<\/strong> comme tout au long de l&#8217;ann\u00e9e, se reporter au\u00a0<a href=\"https:\/\/www.synagogue-montevideo31.com\/?page_id=184\" target=\"_blank\" rel=\"noopener\">Calendrier.<\/a><\/p>\r\n<\/div>\r\n<\/div>","protected":false},"excerpt":{"rendered":"<p>IMPORTANT : pour l\u2019ensemble des offices de Roch Hachana et de Kippour, les places doivent \u00eatre retenues au secr\u00e9tariat (places limit\u00e9es) ! Merci de nous envoyer un email en cliquant sur le lien d\u00e9di\u00e9 &#8220;Nous \u00e9crire&#8221; dans le bandeau du site, pour voir le tarif des places, CLIQUER ICI. &nbsp; \u00a0 Souccot, Pessa&#8217;h et Chavouot Les offices sont c\u00e9l\u00e9br\u00e9s selon le rite achk\u00e9naze de la Synagogue, au 31 rue de Montevideo, comme tout au long de l&#8217;ann\u00e9e, se reporter au\u00a0Calendrier.<\/p>\n","protected":false},"author":1,"featured_media":0,"parent":0,"menu_order":0,"comment_status":"closed","ping_status":"closed","template":"template-parts\/page-template-full-width.php","meta":{"footnotes":""},"class_list":["post-182","page","type-page","status-publish","hentry"],"_links":{"self":[{"href":"https:\/\/www.synagogue-montevideo31.com\/index.php?rest_route=\/wp\/v2\/pages\/182","targetHints":{"allow":["GET"]}}],"collection":[{"href":"https:\/\/www.synagogue-montevideo31.com\/index.php?rest_route=\/wp\/v2\/pages"}],"about":[{"href":"https:\/\/www.synagogue-montevideo31.com\/index.php?rest_route=\/wp\/v2\/types\/page"}],"author":[{"embeddable":true,"href":"https:\/\/www.synagogue-montevideo31.com\/index.php?rest_route=\/wp\/v2\/users\/1"}],"replies":[{"embeddable":true,"href":"https:\/\/www.synagogue-montevideo31.com\/index.php?rest_route=%2Fwp%2Fv2%2Fcomments&post=182"}],"version-history":[{"count":30,"href":"https:\/\/www.synagogue-montevideo31.com\/index.php?rest_route=\/wp\/v2\/pages\/182\/revisions"}],"predecessor-version":[{"id":2675,"href":"https:\/\/www.synagogue-montevideo31.com\/index.php?rest_route=\/wp\/v2\/pages\/182\/revisions\/2675"}],"wp:attachment":[{"href":"https:\/\/www.synagogue-montevideo31.com\/index.php?rest_route=%2Fwp%2Fv2%2Fmedia&parent=182"}],"curies":[{"name":"wp","href":"https:\/\/api.w.org\/{rel}","templated":true}]}}