{"id":180,"date":"2020-06-02T16:51:48","date_gmt":"2020-06-02T14:51:48","guid":{"rendered":"http:\/\/www.synagogue-montevideo32.fr\/?page_id=180"},"modified":"2021-08-29T15:20:54","modified_gmt":"2021-08-29T13:20:54","slug":"chabat","status":"publish","type":"page","link":"https:\/\/www.synagogue-montevideo31.com\/?page_id=180","title":{"rendered":"Offices de Chabbat"},"content":{"rendered":"<div class=\"wp-block-columns is-layout-flex wp-container-core-columns-is-layout-9d6595d7 wp-block-columns-is-layout-flex\">\r\n<div class=\"wp-block-column is-layout-flow wp-block-column-is-layout-flow\">\r\n<ul class=\"rich-text block-editor-rich-text__editable\" role=\"textbox\" contenteditable=\"true\" aria-multiline=\"true\" aria-label=\"R\u00e9digez une liste\u2026\">\r\n<li>\r\n<p><strong>Pour le d\u00e9tail des horaires de tous les offices de Chabbat, cf. calendrier (si vous ne connaissez pas le mot de passe du calendrier, envoyer un mail via le bandeau du site pour l&#8217;avoir).<\/strong><\/p>\r\n<\/li>\r\n<\/ul>\r\n<p><strong>\u00a0<a href=\"https:\/\/www.synagogue-montevideo31.com\/?page_id=184\" target=\"_blank\" rel=\"noopener\">Calendrier<\/a><\/strong><\/p>\r\n<ul class=\"rich-text block-editor-rich-text__editable\" role=\"textbox\" contenteditable=\"true\" aria-multiline=\"true\" aria-label=\"R\u00e9digez une liste\u2026\">\r\n<li>L&#8217;office de <strong>Maariv de Chabbat<\/strong> d\u00e9bute \u00e0 la tomb\u00e9e de la nuit.<\/li>\r\n<li>L\u2019office de <strong>Cha&#8217;harit de Chabbat<\/strong> avec lecture de la Torah.<\/li>\r\n<li>L\u2019office de <strong>Min\u2019ha de Chabbat<\/strong> est suivi de la Seouda Chlichit.<\/li>\r\n<li>L&#8217;office de <strong>Maariv de fin de Chabbat<\/strong> a lieu apr\u00e8s la Seouda Chlichit.<\/li>\r\n<\/ul>\r\n\r\n\r\n\r\n<div class=\"wp-block-spacer\" style=\"height: 32px;\" aria-hidden=\"true\">\u00a0<\/div>\r\n\r\n\r\n\r\n<p>Chaque office de Chabbat matin est suivi d\u2019un <strong>Kiddouch communautaire<\/strong> qui r\u00e9unit tous nos fid\u00e8les dans une ambiance amicale, dans les salons de notre Maison Communautaire, le CCEW. L\u2019atmosph\u00e8re de nos offices de Chabbat est d\u2019autant plus agr\u00e9able que chaque semaine c\u2019est un autre de nos fid\u00e8les qui a le plaisir d\u2019offrir ce Kiddouch. Nous serons heureux de pouvoir vous accueillir aussi souvent que possible.<\/p>\r\n\r\n\r\n\r\n<p><strong>Si vous souhaitez offrir un Kiddouch pour un anniversaire ou une f\u00eate n\u2019h\u00e9sitez pas \u00e0 nous contacter, tout est indiqu\u00e9 sur la page des tarifs. Pour les consulter, <a href=\"https:\/\/www.synagogue-montevideo31.com\/?page_id=555\" target=\"_blank\" rel=\"noopener noreferrer\">CLIQUER ICI.<\/a>\u00a0<\/strong><\/p>\r\n<\/div>\r\n\r\n\r\n\r\n<div class=\"wp-block-column is-layout-flow wp-block-column-is-layout-flow\">\r\n<div class=\"wp-block-image\">\r\n<figure class=\"aligncenter size-large is-resized\"><img loading=\"lazy\" decoding=\"async\" class=\"wp-image-969\" src=\"http:\/\/www.synagogue-montevideo32.fr\/wp-content\/uploads\/2020\/07\/cup-2192114_1920-649x1024.jpg\" alt=\"\" width=\"221\" height=\"348\" srcset=\"https:\/\/www.synagogue-montevideo31.com\/wp-content\/uploads\/2020\/07\/cup-2192114_1920-649x1024.jpg 649w, https:\/\/www.synagogue-montevideo31.com\/wp-content\/uploads\/2020\/07\/cup-2192114_1920-190x300.jpg 190w, https:\/\/www.synagogue-montevideo31.com\/wp-content\/uploads\/2020\/07\/cup-2192114_1920-768x1212.jpg 768w, https:\/\/www.synagogue-montevideo31.com\/wp-content\/uploads\/2020\/07\/cup-2192114_1920-974x1536.jpg 974w, https:\/\/www.synagogue-montevideo31.com\/wp-content\/uploads\/2020\/07\/cup-2192114_1920-600x947.jpg 600w, https:\/\/www.synagogue-montevideo31.com\/wp-content\/uploads\/2020\/07\/cup-2192114_1920.jpg 1217w\" sizes=\"auto, (max-width: 221px) 100vw, 221px\" \/><\/figure>\r\n<\/div>\r\n\r\n\r\n\r\n<div class=\"wp-block-image\">\r\n<figure class=\"aligncenter size-large is-resized\"><img loading=\"lazy\" decoding=\"async\" class=\"wp-image-970\" src=\"http:\/\/www.synagogue-montevideo32.fr\/wp-content\/uploads\/2020\/07\/bread-4046506_1920-1-1024x679.jpg\" alt=\"\" width=\"363\" height=\"237\" \/><\/figure>\r\n<\/div>\r\n<\/div>\r\n<\/div>\r\n\r\n<p>&nbsp;<\/p>\r\n\r\n<p>&nbsp;<\/p>","protected":false},"excerpt":{"rendered":"<p>Pour le d\u00e9tail des horaires de tous les offices de Chabbat, cf. calendrier (si vous ne connaissez pas le mot de passe du calendrier, envoyer un mail via le bandeau du site pour l&#8217;avoir). \u00a0Calendrier L&#8217;office de Maariv de Chabbat d\u00e9bute \u00e0 la tomb\u00e9e de la nuit. L\u2019office de Cha&#8217;harit de Chabbat avec lecture de la Torah. L\u2019office de Min\u2019ha de Chabbat est suivi de la Seouda Chlichit. L&#8217;office de Maariv de fin de Chabbat a lieu apr\u00e8s la Seouda Chlichit. Chaque office de Chabbat matin est suivi d\u2019un Kiddouch communautaire qui r\u00e9unit tous nos fid\u00e8les dans une ambiance amicale,&#8230; <\/p>\n","protected":false},"author":1,"featured_media":0,"parent":0,"menu_order":0,"comment_status":"closed","ping_status":"closed","template":"template-parts\/page-template-full-width.php","meta":{"footnotes":""},"class_list":["post-180","page","type-page","status-publish","hentry"],"_links":{"self":[{"href":"https:\/\/www.synagogue-montevideo31.com\/index.php?rest_route=\/wp\/v2\/pages\/180","targetHints":{"allow":["GET"]}}],"collection":[{"href":"https:\/\/www.synagogue-montevideo31.com\/index.php?rest_route=\/wp\/v2\/pages"}],"about":[{"href":"https:\/\/www.synagogue-montevideo31.com\/index.php?rest_route=\/wp\/v2\/types\/page"}],"author":[{"embeddable":true,"href":"https:\/\/www.synagogue-montevideo31.com\/index.php?rest_route=\/wp\/v2\/users\/1"}],"replies":[{"embeddable":true,"href":"https:\/\/www.synagogue-montevideo31.com\/index.php?rest_route=%2Fwp%2Fv2%2Fcomments&post=180"}],"version-history":[{"count":69,"href":"https:\/\/www.synagogue-montevideo31.com\/index.php?rest_route=\/wp\/v2\/pages\/180\/revisions"}],"predecessor-version":[{"id":2674,"href":"https:\/\/www.synagogue-montevideo31.com\/index.php?rest_route=\/wp\/v2\/pages\/180\/revisions\/2674"}],"wp:attachment":[{"href":"https:\/\/www.synagogue-montevideo31.com\/index.php?rest_route=%2Fwp%2Fv2%2Fmedia&parent=180"}],"curies":[{"name":"wp","href":"https:\/\/api.w.org\/{rel}","templated":true}]}}