{"id":175,"date":"2020-06-02T16:50:51","date_gmt":"2020-06-02T14:50:51","guid":{"rendered":"http:\/\/www.synagogue-montevideo32.fr\/?page_id=175"},"modified":"2020-08-21T09:04:35","modified_gmt":"2020-08-21T07:04:35","slug":"offices-et-fetes","status":"publish","type":"page","link":"https:\/\/www.synagogue-montevideo31.com\/?page_id=175","title":{"rendered":"Offices et Liturgie"},"content":{"rendered":"\n<div class=\"wp-block-cover has-background-dim\" style=\"background-image:url(http:\/\/www.synagogue-montevideo32.fr\/wp-content\/uploads\/2020\/06\/Shule-Juin-2020-Hanoucciah-scaled.jpg);min-height:153px;aspect-ratio:unset;\"><div class=\"wp-block-cover__inner-container is-layout-flow wp-block-cover-is-layout-flow\">\n<p class=\"has-text-align-center has-large-font-size\"><\/p>\n<\/div><\/div>\n\n\n\n<div style=\"height:44px\" aria-hidden=\"true\" class=\"wp-block-spacer\"><\/div>\n\n\n\n<p>Ce menu pr\u00e9sente les Offices organis\u00e9s \u00e0 la Synagogue et le lien vers le Calendrier de la Communaut\u00e9 :<\/p>\n\n\n<p><strong><a href=\"http:\/\/www.synagogue-montevideo32.fr\/?page_id=178\" target=\"_blank\" rel=\"noopener noreferrer\">Offices en Semaine<\/a><\/strong><\/p>\n<p><strong><a href=\"http:\/\/www.synagogue-montevideo32.fr\/?page_id=182\" target=\"_blank\" rel=\"noopener noreferrer\">Offices des F\u00eates<\/a><\/strong><\/p>\n<p><strong><a href=\"http:\/\/www.synagogue-montevideo32.fr\/?page_id=180\" target=\"_blank\" rel=\"noopener noreferrer\">Offices de Chabbat<\/a><\/strong><\/p>\n<p><strong><a href=\"http:\/\/www.synagogue-montevideo32.fr\/?page_id=184\" target=\"_blank\" rel=\"noopener noreferrer\">Calendrier<\/a><\/strong><\/p>\n\n\n<p>Enfin, le menu liturgie pr\u00e9sente les airs traditionnels chant\u00e9s \u00e0 la Synagogue de Montevideo, ainsi que les parachiyot et les haftarot lues tout au long de l&#8217;ann\u00e9e :<\/p>\n\n\n<p><strong><a href=\"http:\/\/www.synagogue-montevideo32.fr\/?page_id=188\" target=\"_blank\" rel=\"noopener noreferrer\">Parachiyot \/ Haftarot<\/a><\/strong><\/p>\n<p><strong><a href=\"http:\/\/www.synagogue-montevideo32.fr\/?page_id=190\" target=\"_blank\" rel=\"noopener noreferrer\">Les Airs du Chabbat<\/a><\/strong><\/p>\n<p><strong><a href=\"http:\/\/www.synagogue-montevideo32.fr\/?page_id=192\" target=\"_blank\" rel=\"noopener noreferrer\">Les Airs des F\u00eates<\/a><\/strong><\/p>\n<p><strong><a href=\"http:\/\/www.synagogue-montevideo32.fr\/?page_id=194\" target=\"_blank\" rel=\"noopener noreferrer\">Pri\u00e8res diverses<\/a><\/strong><\/p>\n<p>\u00a0<\/p>","protected":false},"excerpt":{"rendered":"<p>Ce menu pr\u00e9sente les Offices organis\u00e9s \u00e0 la Synagogue et le lien vers le Calendrier de la Communaut\u00e9 : Offices en Semaine Offices des F\u00eates Offices de Chabbat Calendrier Enfin, le menu liturgie pr\u00e9sente les airs traditionnels chant\u00e9s \u00e0 la Synagogue de Montevideo, ainsi que les parachiyot et les haftarot lues tout au long de l&#8217;ann\u00e9e : Parachiyot \/ Haftarot Les Airs du Chabbat Les Airs des F\u00eates Pri\u00e8res diverses \u00a0<\/p>\n","protected":false},"author":1,"featured_media":0,"parent":0,"menu_order":0,"comment_status":"closed","ping_status":"closed","template":"template-parts\/page-template-full-width.php","meta":{"footnotes":""},"class_list":["post-175","page","type-page","status-publish","hentry"],"_links":{"self":[{"href":"https:\/\/www.synagogue-montevideo31.com\/index.php?rest_route=\/wp\/v2\/pages\/175","targetHints":{"allow":["GET"]}}],"collection":[{"href":"https:\/\/www.synagogue-montevideo31.com\/index.php?rest_route=\/wp\/v2\/pages"}],"about":[{"href":"https:\/\/www.synagogue-montevideo31.com\/index.php?rest_route=\/wp\/v2\/types\/page"}],"author":[{"embeddable":true,"href":"https:\/\/www.synagogue-montevideo31.com\/index.php?rest_route=\/wp\/v2\/users\/1"}],"replies":[{"embeddable":true,"href":"https:\/\/www.synagogue-montevideo31.com\/index.php?rest_route=%2Fwp%2Fv2%2Fcomments&post=175"}],"version-history":[{"count":9,"href":"https:\/\/www.synagogue-montevideo31.com\/index.php?rest_route=\/wp\/v2\/pages\/175\/revisions"}],"predecessor-version":[{"id":1201,"href":"https:\/\/www.synagogue-montevideo31.com\/index.php?rest_route=\/wp\/v2\/pages\/175\/revisions\/1201"}],"wp:attachment":[{"href":"https:\/\/www.synagogue-montevideo31.com\/index.php?rest_route=%2Fwp%2Fv2%2Fmedia&parent=175"}],"curies":[{"name":"wp","href":"https:\/\/api.w.org\/{rel}","templated":true}]}}