{"id":165,"date":"2020-06-02T16:48:24","date_gmt":"2020-06-02T14:48:24","guid":{"rendered":"http:\/\/www.synagogue-montevideo32.fr\/?page_id=165"},"modified":"2023-11-02T22:42:06","modified_gmt":"2023-11-02T21:42:06","slug":"location-de-salles","status":"publish","type":"page","link":"https:\/\/www.synagogue-montevideo31.com\/?page_id=165","title":{"rendered":"Location de salles"},"content":{"rendered":"\n<div class=\"wp-block-cover is-light\" style=\"min-height:157px;aspect-ratio:unset;\"><span aria-hidden=\"true\" class=\"wp-block-cover__background has-background-dim\"><\/span><img loading=\"lazy\" decoding=\"async\" width=\"2560\" height=\"1920\" class=\"wp-block-cover__image-background wp-image-391\" src=\"http:\/\/www.synagogue-montevideo32.fr\/wp-content\/uploads\/2020\/06\/Shule-Juin-2020-Hanoucciah-scaled.jpg\" data-object-fit=\"cover\" srcset=\"https:\/\/www.synagogue-montevideo31.com\/wp-content\/uploads\/2020\/06\/Shule-Juin-2020-Hanoucciah-scaled.jpg 2560w, https:\/\/www.synagogue-montevideo31.com\/wp-content\/uploads\/2020\/06\/Shule-Juin-2020-Hanoucciah-300x225.jpg 300w, https:\/\/www.synagogue-montevideo31.com\/wp-content\/uploads\/2020\/06\/Shule-Juin-2020-Hanoucciah-1024x768.jpg 1024w, https:\/\/www.synagogue-montevideo31.com\/wp-content\/uploads\/2020\/06\/Shule-Juin-2020-Hanoucciah-768x576.jpg 768w, https:\/\/www.synagogue-montevideo31.com\/wp-content\/uploads\/2020\/06\/Shule-Juin-2020-Hanoucciah-1536x1152.jpg 1536w, https:\/\/www.synagogue-montevideo31.com\/wp-content\/uploads\/2020\/06\/Shule-Juin-2020-Hanoucciah-2048x1536.jpg 2048w, https:\/\/www.synagogue-montevideo31.com\/wp-content\/uploads\/2020\/06\/Shule-Juin-2020-Hanoucciah-600x450.jpg 600w\" sizes=\"auto, (max-width: 2560px) 100vw, 2560px\" \/><div class=\"wp-block-cover__inner-container is-layout-flow wp-block-cover-is-layout-flow\">\n<p class=\"has-text-align-center has-large-font-size\">&nbsp;<\/p>\n<\/div><\/div>\n\n\n\n<div class=\"wp-block-spacer\" style=\"height: 21px;\" aria-hidden=\"true\">\u00a0<\/div>\n\n\n\n<p>Tout au long de l&#8217;ann\u00e9e la Synagogue de Montevideo met \u00e0 votre disposition des salles, dont les tarifs sont indiqu\u00e9s ci-dessous :<\/p>\n\n\n\n<figure class=\"wp-block-image size-large\"><img loading=\"lazy\" decoding=\"async\" width=\"1024\" height=\"666\" src=\"http:\/\/www.synagogue-montevideo32.fr\/wp-content\/uploads\/2020\/06\/Capture-d\u2019e\u0301cran-2020-06-21-a\u0300-12.58.47-1024x666.png\" alt=\"\" class=\"wp-image-550\" srcset=\"https:\/\/www.synagogue-montevideo31.com\/wp-content\/uploads\/2020\/06\/Capture-d\u2019e\u0301cran-2020-06-21-a\u0300-12.58.47-1024x666.png 1024w, https:\/\/www.synagogue-montevideo31.com\/wp-content\/uploads\/2020\/06\/Capture-d\u2019e\u0301cran-2020-06-21-a\u0300-12.58.47-300x195.png 300w, https:\/\/www.synagogue-montevideo31.com\/wp-content\/uploads\/2020\/06\/Capture-d\u2019e\u0301cran-2020-06-21-a\u0300-12.58.47-768x499.png 768w, https:\/\/www.synagogue-montevideo31.com\/wp-content\/uploads\/2020\/06\/Capture-d\u2019e\u0301cran-2020-06-21-a\u0300-12.58.47-600x390.png 600w, https:\/\/www.synagogue-montevideo31.com\/wp-content\/uploads\/2020\/06\/Capture-d\u2019e\u0301cran-2020-06-21-a\u0300-12.58.47.png 1261w\" sizes=\"auto, (max-width: 1024px) 100vw, 1024px\" \/><\/figure>\n\n\n\n<div class=\"wp-block-group\"><div class=\"wp-block-group__inner-container is-layout-flow wp-block-group-is-layout-flow\">\n<figure class=\"wp-block-table\"><table class=\"has-fixed-layout\"><tbody><tr><td>Salle Edmond Weil<\/td><td>Membre : <strong>1 200 \u20ac<\/strong><br>Non Membre : <strong>1 500 \u20ac<\/strong><\/td><\/tr><tr><td>Location Mariage<br>(salle f\u00e9licitations incluses)<\/td><td>Membre : <strong>2 000 \u20ac<\/strong><br>Non Membre :<strong> 2 500 \u20ac<\/strong><\/td><\/tr><tr><td>Vin d&#8217;honneur (Mairie)<\/td><td>Membre : <strong>1 100 \u20ac (dont 100 \u20ac<\/strong> <strong>pour la s\u00e9curit\u00e9<\/strong>)<br>Non Membre : <strong>1 300 \u20ac<\/strong> <strong>(dont 100 \u20ac<\/strong> <strong>pour la s\u00e9curit\u00e9<\/strong>)<\/td><\/tr><tr><td>Bar Mitzva<\/td><td>Membre : <strong>1 200 \u20ac<\/strong><br>Non Membre : <strong>1 500 \u20ac<\/strong><br><em>** Si privatisation de la synagogue pour un deuxi\u00e8me office <strong>&#8211;> 500 \u20ac d<\/strong><\/em><strong>e plus<\/strong><\/td><\/tr><tr><td>Bat Mitzva<\/td><td>Membre : <strong>1 200 \u20ac<\/strong><br>Non Membre : <strong>1 500 \u20ac<\/strong><br><em>** Si privatisation de la synagogue pour un deuxi\u00e8me office <strong>&#8211;> 500 \u20ac de plu<\/strong><\/em><strong>s<\/strong><\/td><\/tr><tr><td>Brith Mila<\/td><td>Membre : <strong>1 100 \u20ac (dont 100 \u20ac<\/strong> <strong>pour la s\u00e9curit\u00e9<\/strong>)<br>Non Membre : <strong>1 300 \u20ac<\/strong> <strong>(dont 100 \u20ac<\/strong> <strong>pour la s\u00e9curit\u00e9<\/strong>)<\/td><\/tr><tr><td>Office Suppl\u00e9mentaire (semaine)<\/td><td>Membre : <strong>500 \u20ac<\/strong><br>Non Membre : <strong>500 \u20ac<\/strong><\/td><\/tr><tr><td>Locations (autres \u00e9v\u00e9nements : associations, r\u00e9unions, &#8230;)<\/td><td>Tarif unique : <strong>1 000 \u20ac<\/strong><\/td><\/tr><tr><td>Chabbat &#8216;Hatane<\/td><td>Membre : <strong>1 100 \u20ac (dont 100 \u20ac<\/strong> <strong>pour la s\u00e9curit\u00e9<\/strong>)<br>Non Membre : <strong>1 300 \u20ac<\/strong> <strong>(dont 100 \u20ac<\/strong> <strong>pour la s\u00e9curit\u00e9<\/strong>)<\/td><\/tr><tr><td>S\u00e9ouda pour Yahrzeit<\/td><td>Membre : <strong>700 \u20ac<\/strong><br>Non Membre : <strong>1 000 \u20ac<\/strong><\/td><\/tr><\/tbody><\/table><\/figure>\n<\/div><\/div>\n","protected":false},"excerpt":{"rendered":"<p>Tout au long de l&#8217;ann\u00e9e la Synagogue de Montevideo met \u00e0 votre disposition des salles, dont les tarifs sont indiqu\u00e9s ci-dessous : Salle Edmond Weil Membre : 1 200 \u20acNon Membre : 1 500 \u20ac Location Mariage(salle f\u00e9licitations incluses) Membre : 2 000 \u20acNon Membre : 2 500 \u20ac Vin d&#8217;honneur (Mairie) Membre : 1 100 \u20ac (dont 100 \u20ac pour la s\u00e9curit\u00e9)Non Membre : 1 300 \u20ac (dont 100 \u20ac pour la s\u00e9curit\u00e9) Bar Mitzva Membre : 1 200 \u20acNon Membre : 1 500 \u20ac** Si privatisation de la synagogue pour un deuxi\u00e8me office &#8211;> 500 \u20ac de plus&#8230; <\/p>\n","protected":false},"author":1,"featured_media":0,"parent":0,"menu_order":0,"comment_status":"closed","ping_status":"closed","template":"template-parts\/page-template-full-width.php","meta":{"footnotes":""},"class_list":["post-165","page","type-page","status-publish","hentry"],"_links":{"self":[{"href":"https:\/\/www.synagogue-montevideo31.com\/index.php?rest_route=\/wp\/v2\/pages\/165","targetHints":{"allow":["GET"]}}],"collection":[{"href":"https:\/\/www.synagogue-montevideo31.com\/index.php?rest_route=\/wp\/v2\/pages"}],"about":[{"href":"https:\/\/www.synagogue-montevideo31.com\/index.php?rest_route=\/wp\/v2\/types\/page"}],"author":[{"embeddable":true,"href":"https:\/\/www.synagogue-montevideo31.com\/index.php?rest_route=\/wp\/v2\/users\/1"}],"replies":[{"embeddable":true,"href":"https:\/\/www.synagogue-montevideo31.com\/index.php?rest_route=%2Fwp%2Fv2%2Fcomments&post=165"}],"version-history":[{"count":10,"href":"https:\/\/www.synagogue-montevideo31.com\/index.php?rest_route=\/wp\/v2\/pages\/165\/revisions"}],"predecessor-version":[{"id":4052,"href":"https:\/\/www.synagogue-montevideo31.com\/index.php?rest_route=\/wp\/v2\/pages\/165\/revisions\/4052"}],"wp:attachment":[{"href":"https:\/\/www.synagogue-montevideo31.com\/index.php?rest_route=%2Fwp%2Fv2%2Fmedia&parent=165"}],"curies":[{"name":"wp","href":"https:\/\/api.w.org\/{rel}","templated":true}]}}