{"id":163,"date":"2020-06-02T16:48:10","date_gmt":"2020-06-02T14:48:10","guid":{"rendered":"http:\/\/www.synagogue-montevideo32.fr\/?page_id=163"},"modified":"2021-07-28T11:56:24","modified_gmt":"2021-07-28T09:56:24","slug":"yahrzeit","status":"publish","type":"page","link":"https:\/\/www.synagogue-montevideo31.com\/?page_id=163","title":{"rendered":"Yahrzeit"},"content":{"rendered":"<div class=\"wp-block-cover has-background-dim\" style=\"background-image: url(&apos;http:\/\/www.synagogue-montevideo32.fr\/wp-content\/uploads\/2020\/06\/Shule-Juin-2020-Hanoucciah-scaled.jpg&apos;); min-height: 157px;aspect-ratio:unset;\">\r\n<div class=\"wp-block-cover__inner-container is-layout-flow wp-block-cover-is-layout-flow\">\r\n<p class=\"has-text-align-center has-large-font-size\">\u00a0<\/p>\r\n<\/div>\r\n<\/div>\r\n\r\n\r\n\r\n<div class=\"wp-block-spacer\" style=\"height: 30px;\" aria-hidden=\"true\">\u00a0<\/div>\r\n\r\n\r\n\r\n<h2 class=\"wp-block-heading\">A la m\u00e9moire &#8230;<\/h2>\r\n\r\n\r\n\r\n<div class=\"wp-block-columns is-layout-flex wp-container-core-columns-is-layout-9d6595d7 wp-block-columns-is-layout-flex\">\r\n<div class=\"wp-block-column is-layout-flow wp-block-column-is-layout-flow\">\r\n<p>Nous vous rappelons \u00e0 cette occasion que si vous vous faites conna\u00eetre aupr\u00e8s de notre Secr\u00e9tariat, lors des anniversaires de deuil <strong>(Yahrzeit)<\/strong> de vos parents et proches, celui-ce se fera un devoir de vous pr\u00e9venir en temps utile de la date religieuse \u00e0 laquelle vous devez c\u00e9l\u00e9brer ces anniversaires, et donc <strong>r\u00e9citer le Kaddich.<\/strong><\/p>\r\n<p>Une lumi\u00e8re sera allum\u00e9e \u00e0 la Synagogue Montevideo \u00e0 ces dates, sans frais pour nos membres.<\/p>\r\n<p>Les noms que vous nous communiquez seront ajout\u00e9s \u00e0 ceux d\u00e9j\u00e0 consign\u00e9s dans le <strong>Grand Livre du Souvenir<\/strong> et pour lesquels le Yizkor sera l\u2019occasion d\u2019un rappel unique et collectif.<\/p>\r\n<p>La tradition veut que la pri\u00e8re pour le repos de l\u2019\u00e2me des \u00eatres chers dont nous pleurons la disparition, soit accompagn\u00e9e d\u2019un don fait au nom du d\u00e9funt au b\u00e9n\u00e9fice d\u2019une \u0153uvre.<\/p>\r\n<p>Vous avez la possibilit\u00e9 de vous acquitter de ce devoir religieux de pi\u00e9t\u00e9 filiale en offrant un don pour le culte ou pour le Talmud Torah <strong>(pour faire un don, <a href=\"http:\/\/www.synagogue-montevideo32.fr\/?page_id=809\" target=\"_blank\" rel=\"noopener noreferrer\">CLIQUER ICI).<\/a><\/strong><\/p>\r\n<p>Pour comm\u00e9morer le souvenir des chers disparus des membres de notre Communaut\u00e9, une pri\u00e8re sp\u00e9ciale \u00e0 la m\u00e9moire des morts sera r\u00e9cit\u00e9e pendant l\u2019office de Yom Kippour apr\u00e8s la lecture de la Torah \u00e0 16h environ.<\/p>\r\n<\/div>\r\n\r\n\r\n\r\n<div class=\"wp-block-column is-layout-flow wp-block-column-is-layout-flow\">\r\n<figure class=\"wp-block-image size-large\"><img loading=\"lazy\" decoding=\"async\" width=\"1024\" height=\"666\" class=\"wp-image-337\" src=\"http:\/\/www.synagogue-montevideo32.fr\/wp-content\/uploads\/2020\/06\/shabbat-shalom-4752553_1920-1024x666.jpg\" alt=\"\" srcset=\"https:\/\/www.synagogue-montevideo31.com\/wp-content\/uploads\/2020\/06\/shabbat-shalom-4752553_1920-1024x666.jpg 1024w, https:\/\/www.synagogue-montevideo31.com\/wp-content\/uploads\/2020\/06\/shabbat-shalom-4752553_1920-600x390.jpg 600w, https:\/\/www.synagogue-montevideo31.com\/wp-content\/uploads\/2020\/06\/shabbat-shalom-4752553_1920-300x195.jpg 300w, https:\/\/www.synagogue-montevideo31.com\/wp-content\/uploads\/2020\/06\/shabbat-shalom-4752553_1920-768x499.jpg 768w, https:\/\/www.synagogue-montevideo31.com\/wp-content\/uploads\/2020\/06\/shabbat-shalom-4752553_1920-1536x998.jpg 1536w, https:\/\/www.synagogue-montevideo31.com\/wp-content\/uploads\/2020\/06\/shabbat-shalom-4752553_1920.jpg 1920w\" sizes=\"auto, (max-width: 1024px) 100vw, 1024px\" \/><\/figure>\r\n\r\n\r\n\r\n<div class=\"wp-block-spacer\" style=\"height: 100px;\" aria-hidden=\"true\">\u00a0<\/div>\r\n\r\n\r\n<div class=\"wp-block-aiovg-video\"><div class=\"aiovg-player-container\" style=\"max-width: 100%;\"><div class=\"aiovg-player aiovg-player-iframe\" style=\"padding-bottom: 90%;\"><iframe loading=\"lazy\" src=\"https:\/\/www.synagogue-montevideo31.com\/?page_id=771&#038;aiovg_type=id&#038;aiovg_video=163&#038;ratio=90&#038;autoplay=1&#038;loop=1&#038;playpause=0&#038;current=0&#038;progress=0&#038;duration=0&#038;volume=0&#038;mp4=aHR0cDovL3d3dy5zeW5hZ29ndWUtbW9udGV2aWRlbzMyLmZyL3dwLWNvbnRlbnQvdXBsb2Fkcy8yMDIwLzA2L3NoYWJiYXQtc2hhbG9tLTQ3NTI1NTNfMTkyMC5qcGc.\" title=\"\" width=\"560\" height=\"315\" frameborder=\"0\" scrolling=\"no\" allow=\"accelerometer; autoplay; clipboard-write; encrypted-media; gyroscope; picture-in-picture; web-share\" allowfullscreen><\/iframe><\/div><\/div><\/div><\/div>\r\n<\/div>\r\n\r\n<p><strong>Pour inscrire un de vos proches dans le Grand Livre du Souvenir, remplissez notre formulaire, <a href=\"http:\/\/www.synagogue-montevideo32.fr\/?page_id=794\" target=\"_blank\" rel=\"noopener noreferrer\">CLIQUER ICI.<\/a><\/strong><\/p>","protected":false},"excerpt":{"rendered":"<p>A la m\u00e9moire &#8230; Nous vous rappelons \u00e0 cette occasion que si vous vous faites conna\u00eetre aupr\u00e8s de notre Secr\u00e9tariat, lors des anniversaires de deuil (Yahrzeit) de vos parents et proches, celui-ce se fera un devoir de vous pr\u00e9venir en temps utile de la date religieuse \u00e0 laquelle vous devez c\u00e9l\u00e9brer ces anniversaires, et donc r\u00e9citer le Kaddich. Une lumi\u00e8re sera allum\u00e9e \u00e0 la Synagogue Montevideo \u00e0 ces dates, sans frais pour nos membres. Les noms que vous nous communiquez seront ajout\u00e9s \u00e0 ceux d\u00e9j\u00e0 consign\u00e9s dans le Grand Livre du Souvenir et pour lesquels le Yizkor sera l\u2019occasion d\u2019un&#8230; <\/p>\n","protected":false},"author":1,"featured_media":0,"parent":0,"menu_order":0,"comment_status":"closed","ping_status":"closed","template":"","meta":{"footnotes":""},"class_list":["post-163","page","type-page","status-publish","hentry"],"_links":{"self":[{"href":"https:\/\/www.synagogue-montevideo31.com\/index.php?rest_route=\/wp\/v2\/pages\/163","targetHints":{"allow":["GET"]}}],"collection":[{"href":"https:\/\/www.synagogue-montevideo31.com\/index.php?rest_route=\/wp\/v2\/pages"}],"about":[{"href":"https:\/\/www.synagogue-montevideo31.com\/index.php?rest_route=\/wp\/v2\/types\/page"}],"author":[{"embeddable":true,"href":"https:\/\/www.synagogue-montevideo31.com\/index.php?rest_route=\/wp\/v2\/users\/1"}],"replies":[{"embeddable":true,"href":"https:\/\/www.synagogue-montevideo31.com\/index.php?rest_route=%2Fwp%2Fv2%2Fcomments&post=163"}],"version-history":[{"count":31,"href":"https:\/\/www.synagogue-montevideo31.com\/index.php?rest_route=\/wp\/v2\/pages\/163\/revisions"}],"predecessor-version":[{"id":2635,"href":"https:\/\/www.synagogue-montevideo31.com\/index.php?rest_route=\/wp\/v2\/pages\/163\/revisions\/2635"}],"wp:attachment":[{"href":"https:\/\/www.synagogue-montevideo31.com\/index.php?rest_route=%2Fwp%2Fv2%2Fmedia&parent=163"}],"curies":[{"name":"wp","href":"https:\/\/api.w.org\/{rel}","templated":true}]}}