{"id":161,"date":"2020-06-02T16:47:57","date_gmt":"2020-06-02T14:47:57","guid":{"rendered":"http:\/\/www.synagogue-montevideo32.fr\/?page_id=161"},"modified":"2021-12-23T00:09:16","modified_gmt":"2021-12-22T23:09:16","slug":"deces-hevra","status":"publish","type":"page","link":"https:\/\/www.synagogue-montevideo31.com\/?page_id=161","title":{"rendered":"D\u00e9c\u00e8s (&#8216;Hevra)"},"content":{"rendered":"\n<div class=\"wp-block-cover has-background-dim\" style=\"min-height:153px;aspect-ratio:unset;\"><img loading=\"lazy\" decoding=\"async\" width=\"2560\" height=\"1920\" class=\"wp-block-cover__image-background wp-image-391\" alt=\"\" src=\"http:\/\/www.synagogue-montevideo32.fr\/wp-content\/uploads\/2020\/06\/Shule-Juin-2020-Hanoucciah-scaled.jpg\" data-object-fit=\"cover\" srcset=\"https:\/\/www.synagogue-montevideo31.com\/wp-content\/uploads\/2020\/06\/Shule-Juin-2020-Hanoucciah-scaled.jpg 2560w, https:\/\/www.synagogue-montevideo31.com\/wp-content\/uploads\/2020\/06\/Shule-Juin-2020-Hanoucciah-300x225.jpg 300w, https:\/\/www.synagogue-montevideo31.com\/wp-content\/uploads\/2020\/06\/Shule-Juin-2020-Hanoucciah-1024x768.jpg 1024w, https:\/\/www.synagogue-montevideo31.com\/wp-content\/uploads\/2020\/06\/Shule-Juin-2020-Hanoucciah-768x576.jpg 768w, https:\/\/www.synagogue-montevideo31.com\/wp-content\/uploads\/2020\/06\/Shule-Juin-2020-Hanoucciah-1536x1152.jpg 1536w, https:\/\/www.synagogue-montevideo31.com\/wp-content\/uploads\/2020\/06\/Shule-Juin-2020-Hanoucciah-2048x1536.jpg 2048w, https:\/\/www.synagogue-montevideo31.com\/wp-content\/uploads\/2020\/06\/Shule-Juin-2020-Hanoucciah-600x450.jpg 600w\" sizes=\"auto, (max-width: 2560px) 100vw, 2560px\" \/><div class=\"wp-block-cover__inner-container is-layout-flow wp-block-cover-is-layout-flow\">\n<p class=\"has-text-align-center has-large-font-size\">&nbsp;<\/p>\n<\/div><\/div>\n\n\n<p>&nbsp;<\/p>\n\n\n<div class=\"wp-block-spacer\" style=\"height: 57px;\" aria-hidden=\"true\">\u00a0<\/div>\n\n\n<p>&nbsp;<\/p>\n\n\n<div class=\"wp-block-columns is-layout-flex wp-container-core-columns-is-layout-9d6595d7 wp-block-columns-is-layout-flex\">\n<div class=\"wp-block-column is-layout-flow wp-block-column-is-layout-flow\">\n<p>Rendre les derniers devoirs \u00e0 la personne d\u00e9c\u00e9d\u00e9e et s&#8217;occuper des familles en deuil est une grande Mitzva. Notre communaut\u00e9 dispose d&#8217;une &#8216;Hevra Kadicha qui est \u00e0 m\u00eame de conseiller et d&#8217;entourer les familles pendant ces moments difficiles&nbsp;et qui s&#8217;occupe de la Tahara de ses membres qui en auront fait la demande. La famille devra prendre contact avec le secr\u00e9tariat ou l&#8217;un des responsables qui pourra lui indiquer une entreprise de pompes fun\u00e8bres avec laquelle nous fonctionnons en confiance. Si la famille le souhaite, la communaut\u00e9 sera inform\u00e9e par mail de l&#8217;heure de la l\u00e9vaya, des horaires de la chiva.&nbsp;Les offices de deuil peuvent \u00eatre organis\u00e9s au domicile de la famille ou dans la Synagogue. Les offices et c\u00e9r\u00e9monies&nbsp;cl\u00f4turant&nbsp;la semaine, le mois et l&#8217;ann\u00e9e de deuil peuvent \u00eatre organis\u00e9s dans la Synagogue.<\/p>\n<\/div>\n\n\n\n<div class=\"wp-block-column is-layout-flow wp-block-column-is-layout-flow\">\n<figure class=\"wp-block-image size-large\"><img loading=\"lazy\" decoding=\"async\" width=\"1024\" height=\"1024\" src=\"http:\/\/www.synagogue-montevideo32.fr\/wp-content\/uploads\/2020\/08\/star-of-david-938599_1280-1024x1024.jpg\" alt=\"\" class=\"wp-image-1186\" srcset=\"https:\/\/www.synagogue-montevideo31.com\/wp-content\/uploads\/2020\/08\/star-of-david-938599_1280-1024x1024.jpg 1024w, https:\/\/www.synagogue-montevideo31.com\/wp-content\/uploads\/2020\/08\/star-of-david-938599_1280-300x300.jpg 300w, https:\/\/www.synagogue-montevideo31.com\/wp-content\/uploads\/2020\/08\/star-of-david-938599_1280-150x150.jpg 150w, https:\/\/www.synagogue-montevideo31.com\/wp-content\/uploads\/2020\/08\/star-of-david-938599_1280-768x768.jpg 768w, https:\/\/www.synagogue-montevideo31.com\/wp-content\/uploads\/2020\/08\/star-of-david-938599_1280-600x600.jpg 600w, https:\/\/www.synagogue-montevideo31.com\/wp-content\/uploads\/2020\/08\/star-of-david-938599_1280-100x100.jpg 100w, https:\/\/www.synagogue-montevideo31.com\/wp-content\/uploads\/2020\/08\/star-of-david-938599_1280.jpg 1280w\" sizes=\"auto, (max-width: 1024px) 100vw, 1024px\" \/><\/figure>\n<\/div>\n<\/div>\n\n\n<p>&nbsp;<\/p>\n\n\n<h2 class=\"wp-block-heading\">Qui contacter en cas de d\u00e9c\u00e8s ?<\/h2>\n\n\n<p>&nbsp;<\/p>\n\n\n<figure class=\"wp-block-table\"><table class=\"has-fixed-layout\"><thead><tr><th>Qui ?<\/th><th>T\u00e9l\u00e9phone<\/th><th>Email<\/th><\/tr><\/thead><tbody><tr><td><strong>Le Secr\u00e9tariat<\/strong><\/td><td>+33 1 45 04 66 73<\/td><td>acti@montevideo31.com<\/td><\/tr><tr><td><strong>M. le Rabbin Milewski<\/strong><\/td><td>+33 1 45 04 03 30<\/td><td>jacky.milewski@wanadoo.fr<\/td><\/tr><tr><td><\/td><td><\/td><td><\/td><\/tr><tr><td><strong>Mme Sylvie Moryoussef<\/strong><br><em>Responsable Femme de la &#8216;Hevra<\/em><\/td><td>+33 6 07 05 48 15<\/td><td>smoryou@gmail.com<\/td><\/tr><tr><td><strong>M. Daniel Marburger<\/strong><br><em>Responsable Homme de la &#8216;Hevra<\/em><\/td><td>+33 6 11 34 58 58<\/td><td>daniel-marburger@orange.fr<\/td><\/tr><tr><td><br><\/td><td><\/td><td><\/td><\/tr><\/tbody><\/table><\/figure>\n\n\n<p>&nbsp;<\/p>\n\n\n<p>Le Site du Consistoire propose un fascicule sur l&#8217;accompagnement des personnes qui ont perdu un proche intitul\u00e9 &#8220;Les derniers devoirs&#8221; : <strong><a href=\"https:\/\/www.consistoire.org\/brochures\/Derniers_Devoirs\/mobile\/index.html#p=\" target=\"_blank\" rel=\"noreferrer noopener\" data-type=\"URL\" data-id=\"https:\/\/www.consistoire.org\/brochures\/Derniers_Devoirs\/mobile\/index.html#p=\">(CLIQUER ICI).<\/a><\/strong><\/p>\n\n\n<p>&nbsp;<\/p>\n\n\n<p>&nbsp;<\/p>\n","protected":false},"excerpt":{"rendered":"<p>&nbsp; &nbsp; Rendre les derniers devoirs \u00e0 la personne d\u00e9c\u00e9d\u00e9e et s&#8217;occuper des familles en deuil est une grande Mitzva. Notre communaut\u00e9 dispose d&#8217;une &#8216;Hevra Kadicha qui est \u00e0 m\u00eame de conseiller et d&#8217;entourer les familles pendant ces moments difficiles&nbsp;et qui s&#8217;occupe de la Tahara de ses membres qui en auront fait la demande. La famille devra prendre contact avec le secr\u00e9tariat ou l&#8217;un des responsables qui pourra lui indiquer une entreprise de pompes fun\u00e8bres avec laquelle nous fonctionnons en confiance. Si la famille le souhaite, la communaut\u00e9 sera inform\u00e9e par mail de l&#8217;heure de la l\u00e9vaya, des horaires de&#8230; <\/p>\n","protected":false},"author":1,"featured_media":0,"parent":0,"menu_order":0,"comment_status":"closed","ping_status":"closed","template":"","meta":{"footnotes":""},"class_list":["post-161","page","type-page","status-publish","hentry"],"_links":{"self":[{"href":"https:\/\/www.synagogue-montevideo31.com\/index.php?rest_route=\/wp\/v2\/pages\/161","targetHints":{"allow":["GET"]}}],"collection":[{"href":"https:\/\/www.synagogue-montevideo31.com\/index.php?rest_route=\/wp\/v2\/pages"}],"about":[{"href":"https:\/\/www.synagogue-montevideo31.com\/index.php?rest_route=\/wp\/v2\/types\/page"}],"author":[{"embeddable":true,"href":"https:\/\/www.synagogue-montevideo31.com\/index.php?rest_route=\/wp\/v2\/users\/1"}],"replies":[{"embeddable":true,"href":"https:\/\/www.synagogue-montevideo31.com\/index.php?rest_route=%2Fwp%2Fv2%2Fcomments&post=161"}],"version-history":[{"count":20,"href":"https:\/\/www.synagogue-montevideo31.com\/index.php?rest_route=\/wp\/v2\/pages\/161\/revisions"}],"predecessor-version":[{"id":3002,"href":"https:\/\/www.synagogue-montevideo31.com\/index.php?rest_route=\/wp\/v2\/pages\/161\/revisions\/3002"}],"wp:attachment":[{"href":"https:\/\/www.synagogue-montevideo31.com\/index.php?rest_route=%2Fwp%2Fv2%2Fmedia&parent=161"}],"curies":[{"name":"wp","href":"https:\/\/api.w.org\/{rel}","templated":true}]}}