{"id":155,"date":"2020-06-02T16:47:00","date_gmt":"2020-06-02T14:47:00","guid":{"rendered":"http:\/\/www.synagogue-montevideo32.fr\/?page_id=155"},"modified":"2021-05-30T20:02:12","modified_gmt":"2021-05-30T18:02:12","slug":"bar-mitzva","status":"publish","type":"page","link":"https:\/\/www.synagogue-montevideo31.com\/?page_id=155","title":{"rendered":"Bar Mitzva"},"content":{"rendered":"<div class=\"wp-block-cover has-background-dim\" style=\"background-image:url(http:\/\/www.synagogue-montevideo32.fr\/wp-content\/uploads\/2020\/06\/Shule-Juin-2020-Hanoucciah-scaled.jpg);min-height:157px;aspect-ratio:unset;\"><div class=\"wp-block-cover__inner-container is-layout-flow wp-block-cover-is-layout-flow\">\r\n<p class=\"has-text-align-center has-large-font-size\"><\/p>\r\n<\/div><\/div>\r\n\r\n\r\n\r\n<div style=\"height:31px\" aria-hidden=\"true\" class=\"wp-block-spacer\"><\/div>\r\n\r\n\r\n\r\n<div class=\"wp-block-media-text alignwide has-media-on-the-right is-stacked-on-mobile\"><figure class=\"wp-block-media-text__media\"><img loading=\"lazy\" decoding=\"async\" width=\"914\" height=\"1024\" src=\"http:\/\/www.synagogue-montevideo32.fr\/wp-content\/uploads\/2020\/07\/jewry-152031_1280-914x1024.png\" alt=\"\" class=\"wp-image-858\" srcset=\"https:\/\/www.synagogue-montevideo31.com\/wp-content\/uploads\/2020\/07\/jewry-152031_1280-914x1024.png 914w, https:\/\/www.synagogue-montevideo31.com\/wp-content\/uploads\/2020\/07\/jewry-152031_1280-268x300.png 268w, https:\/\/www.synagogue-montevideo31.com\/wp-content\/uploads\/2020\/07\/jewry-152031_1280-768x860.png 768w, https:\/\/www.synagogue-montevideo31.com\/wp-content\/uploads\/2020\/07\/jewry-152031_1280-600x672.png 600w, https:\/\/www.synagogue-montevideo31.com\/wp-content\/uploads\/2020\/07\/jewry-152031_1280.png 1143w\" sizes=\"auto, (max-width: 914px) 100vw, 914px\" \/><\/figure><div class=\"wp-block-media-text__content\">\r\n<p>A treize ans, un gar\u00e7on atteint sa majorit\u00e9 religieuse : il devient membre effectif de la communaut\u00e9 d\u2019Isra\u00ebl. D\u00e8s lors, il est astreint \u00e0 l\u2019observance de toutes les prescriptions du Juda\u00efsme et, de ce fait il acquiert aussi le droit de participer activement aux manifestations publiques du culte.<br>La tradition a retenu l\u2019accomplissement de Mitzvot pour marquer, publiquement, \u00e0 la Synagogue, l\u2019accession d\u2019un enfant \u00e0 l\u2019\u00e2ge adulte. Notre Communaut\u00e9 est heureuse de servir de cadre aux c\u00e9r\u00e9monies<br>qui honorent ses jeunes Bn\u00e9 et Bnot-Mitzva.<br>Dans la mesure o\u00f9 la <strong>Bar Mitzva<\/strong> constitue une \u00e9tape importante dans la vie de l\u2019enfant, qui devient adulte, ce moment exaltant doit \u00eatre minutieusement pr\u00e9par\u00e9 : il s\u2019agit de communiquer \u00e0 nos enfants la fiert\u00e9 d\u2019appartenir au juda\u00efsme en leur enseignant ses valeurs spirituelles morales et religieuses afin qu\u2019ils<br>puissent les assumer avec comp\u00e9tence et dignit\u00e9.<br>La marche \u00e0 suivre propos\u00e9e par notre Communaut\u00e9 est donc destin\u00e9e \u00e0 favoriser la formation religieuse du futur <strong>Bar Mitzva<\/strong> et \u00e0 aider les parents \u00e0 pr\u00e9parer une c\u00e9r\u00e9monie qui laisse \u00e0 leur enfant une marque ind\u00e9l\u00e9bile.<br>En effet, c\u00e9l\u00e9brer une <strong>Bar Mitzva<\/strong> \u00e0 la Synagogue de Montevideo ne consiste pas pour notre Communaut\u00e9 \u00e0<br>simplement mettre \u00e0 disposition des moyens ou des locaux. Il convient que les familles du futur <strong>Bar Mitzva<\/strong> s\u2019int\u00e8grent dans notre Communaut\u00e9, notamment en participant r\u00e9guli\u00e8rement aux offices du chabbat, condition indispensable \u00e0 la c\u00e9l\u00e9bration de la <strong>Bar Mitzva<\/strong> dans notre Synagogue.<\/p>\r\n<\/div><\/div>\r\n\r\n\r\n<p>La c\u00e9l\u00e9bration de la <strong>Bar Mitzva<\/strong> pour les jeunes gar\u00e7ons \u00e2g\u00e9s de 13 ans est une c\u00e9l\u00e9bration communautaire ancr\u00e9e dans la tradition.<br \/>Ainsi, mettre les T\u00e9philines est un devoir quotidien pour tout homme d\u2019Isra\u00ebl. D\u00e8s le jour de leur treizi\u00e8me anniversaire, tous les gar\u00e7ons sont donc invit\u00e9s \u00e0 accomplir cette Mitzva qu\u2019ils devront, \u00e0 partir de ce jour, observer r\u00e9guli\u00e8rement.<br \/>De m\u00eame, tout homme juif est tenu d\u2019\u00eatre appel\u00e9 r\u00e9guli\u00e8rement \u00e0 la Torah (si possible au moins une fois par mois). Par cons\u00e9quent, tout enfant ayant atteint l\u2019\u00e2ge de 13 ans pourra \u00eatre appel\u00e9 \u00e0 la Torah dans notre Synagogue et r\u00e9citer les b\u00e9n\u00e9dictions correspondantes. L\u2019enfant sera heureux d\u2019attester officiellement qu\u2019il est pr\u00eat \u00e0 user de ce droit que l\u2019\u00e2ge vient de lui conf\u00e9rer.<br \/>La tradition a retenu ces deux mitzvot pour marquer, publiquement, \u00e0 la Synagogue, l\u2019accession d\u2019un enfant \u00e0 l\u2019\u00e2ge adulte. Notre Communaut\u00e9 est heureuse de servir de cadre aux c\u00e9r\u00e9monies qui honorent ses jeunes Bn\u00e9-Mitzva.<br \/>Ainsi, le jeune <strong>Bar Mitzva<\/strong> sera appel\u00e9 \u00e0 la Torah le lundi ou le jeudi qui suit son treizi\u00e8me anniversaire, except\u00e9 le cas o\u00f9 l\u2019enfant devient <strong>Bar Mitzva<\/strong> le vendredi ou le Chabbat.<br \/>Le Chabbat, il sera appel\u00e9 \u00e0 la Torah, ainsi que son p\u00e8re et un certain nombre de personnes que sa famille souhaitera honorer.<br \/>S\u2019il remplit les conditions requises, il pourra lire la Haftara ainsi que tout ou partie de la Sidra.<br \/>De fa\u00e7on g\u00e9n\u00e9rale, le Kiddouch du Chabbat ainsi que le petit d\u00e9jeuner du jour de la mise des t\u00e9philines sont offerts par la famille du <strong>Bar Mitzva. <\/strong><\/p>\r\n<p>Cette c\u00e9r\u00e9monie n\u2019est pas une fin en soi : elle est l\u2019aboutissement et la preuve d\u2019une pr\u00e9paration qui a donn\u00e9 pleine conscience au jeune adulte de ses nouvelles responsabilit\u00e9s. L\u2019enfant qui devient <strong>Bar Mitzva <\/strong>doit poss\u00e9der un minimum de connaissances <span style=\"color: #0000ff;\"><strong>(pri\u00e8res quotidiennes, b\u00e9n\u00e9dictions, birkat hamazon, lois du Chabbat et des f\u00eates, cacheroute, grandes lignes de l\u2019histoire juive et sujet de la Paracha de la Bar Mitzva).<\/strong><\/span><br \/>Enfin, il convient que la famille du futur <strong>Bar Mitzva<\/strong> s\u2019int\u00e8gre dans notre Communaut\u00e9, notamment en participant r\u00e9guli\u00e8rement aux offices du Chabbat, condition indispensable \u00e0 la c\u00e9l\u00e9bration de la <strong>Bar Mitzva<\/strong><br \/>dans notre Synagogue.<\/p>\r\n<p><strong>Pour toute information pratique et r\u00e9servation, vous pouvez contacter le secr\u00e9tariat par mail \u00e0 <a href=\"mailto:acti@montevideo31.com\">acti@montevideo31.com<\/a> ou t\u00e9l\u00e9phoner au +33 1 45 04 66 73 (cf. informations dans le bandeau, en haut du site).<\/strong><\/p>\r\n<p>\u00a0<\/p>","protected":false},"excerpt":{"rendered":"<p>A treize ans, un gar\u00e7on atteint sa majorit\u00e9 religieuse : il devient membre effectif de la communaut\u00e9 d\u2019Isra\u00ebl. D\u00e8s lors, il est astreint \u00e0 l\u2019observance de toutes les prescriptions du Juda\u00efsme et, de ce fait il acquiert aussi le droit de participer activement aux manifestations publiques du culte.La tradition a retenu l\u2019accomplissement de Mitzvot pour marquer, publiquement, \u00e0 la Synagogue, l\u2019accession d\u2019un enfant \u00e0 l\u2019\u00e2ge adulte. Notre Communaut\u00e9 est heureuse de servir de cadre aux c\u00e9r\u00e9moniesqui honorent ses jeunes Bn\u00e9 et Bnot-Mitzva.Dans la mesure o\u00f9 la Bar Mitzva constitue une \u00e9tape importante dans la vie de l\u2019enfant, qui devient adulte,&#8230; <\/p>\n","protected":false},"author":1,"featured_media":0,"parent":0,"menu_order":0,"comment_status":"closed","ping_status":"closed","template":"template-parts\/page-template-full-width.php","meta":{"footnotes":""},"class_list":["post-155","page","type-page","status-publish","hentry"],"_links":{"self":[{"href":"https:\/\/www.synagogue-montevideo31.com\/index.php?rest_route=\/wp\/v2\/pages\/155","targetHints":{"allow":["GET"]}}],"collection":[{"href":"https:\/\/www.synagogue-montevideo31.com\/index.php?rest_route=\/wp\/v2\/pages"}],"about":[{"href":"https:\/\/www.synagogue-montevideo31.com\/index.php?rest_route=\/wp\/v2\/types\/page"}],"author":[{"embeddable":true,"href":"https:\/\/www.synagogue-montevideo31.com\/index.php?rest_route=\/wp\/v2\/users\/1"}],"replies":[{"embeddable":true,"href":"https:\/\/www.synagogue-montevideo31.com\/index.php?rest_route=%2Fwp%2Fv2%2Fcomments&post=155"}],"version-history":[{"count":23,"href":"https:\/\/www.synagogue-montevideo31.com\/index.php?rest_route=\/wp\/v2\/pages\/155\/revisions"}],"predecessor-version":[{"id":2504,"href":"https:\/\/www.synagogue-montevideo31.com\/index.php?rest_route=\/wp\/v2\/pages\/155\/revisions\/2504"}],"wp:attachment":[{"href":"https:\/\/www.synagogue-montevideo31.com\/index.php?rest_route=%2Fwp%2Fv2%2Fmedia&parent=155"}],"curies":[{"name":"wp","href":"https:\/\/api.w.org\/{rel}","templated":true}]}}