{"id":151,"date":"2020-06-02T16:46:24","date_gmt":"2020-06-02T14:46:24","guid":{"rendered":"http:\/\/www.synagogue-montevideo32.fr\/?page_id=151"},"modified":"2020-08-21T08:54:14","modified_gmt":"2020-08-21T06:54:14","slug":"ceremonies","status":"publish","type":"page","link":"https:\/\/www.synagogue-montevideo31.com\/?page_id=151","title":{"rendered":"C\u00e9r\u00e9monies"},"content":{"rendered":"\n<div class=\"wp-block-cover has-background-dim\" style=\"background-image:url(http:\/\/www.synagogue-montevideo32.fr\/wp-content\/uploads\/2020\/06\/Shule-Juin-2020-Hanoucciah-scaled.jpg);min-height:153px;aspect-ratio:unset;\"><div class=\"wp-block-cover__inner-container is-layout-flow wp-block-cover-is-layout-flow\">\n<p class=\"has-text-align-center has-large-font-size\"><\/p>\n<\/div><\/div>\n\n\n\n<div style=\"height:36px\" aria-hidden=\"true\" class=\"wp-block-spacer\"><\/div>\n\n\n\n<p>Toutes les c\u00e9r\u00e9monies sont indiqu\u00e9es dans le menu correspondant, cliquer sur la c\u00e9r\u00e9monie de votre choix pour acc\u00e9der aux informations !<\/p>\n\n\n\n<p><\/p>\n","protected":false},"excerpt":{"rendered":"<p>Toutes les c\u00e9r\u00e9monies sont indiqu\u00e9es dans le menu correspondant, cliquer sur la c\u00e9r\u00e9monie de votre choix pour acc\u00e9der aux informations !<\/p>\n","protected":false},"author":1,"featured_media":0,"parent":0,"menu_order":0,"comment_status":"closed","ping_status":"closed","template":"template-parts\/page-template-full-width.php","meta":{"footnotes":""},"class_list":["post-151","page","type-page","status-publish","hentry"],"_links":{"self":[{"href":"https:\/\/www.synagogue-montevideo31.com\/index.php?rest_route=\/wp\/v2\/pages\/151","targetHints":{"allow":["GET"]}}],"collection":[{"href":"https:\/\/www.synagogue-montevideo31.com\/index.php?rest_route=\/wp\/v2\/pages"}],"about":[{"href":"https:\/\/www.synagogue-montevideo31.com\/index.php?rest_route=\/wp\/v2\/types\/page"}],"author":[{"embeddable":true,"href":"https:\/\/www.synagogue-montevideo31.com\/index.php?rest_route=\/wp\/v2\/users\/1"}],"replies":[{"embeddable":true,"href":"https:\/\/www.synagogue-montevideo31.com\/index.php?rest_route=%2Fwp%2Fv2%2Fcomments&post=151"}],"version-history":[{"count":3,"href":"https:\/\/www.synagogue-montevideo31.com\/index.php?rest_route=\/wp\/v2\/pages\/151\/revisions"}],"predecessor-version":[{"id":1194,"href":"https:\/\/www.synagogue-montevideo31.com\/index.php?rest_route=\/wp\/v2\/pages\/151\/revisions\/1194"}],"wp:attachment":[{"href":"https:\/\/www.synagogue-montevideo31.com\/index.php?rest_route=%2Fwp%2Fv2%2Fmedia&parent=151"}],"curies":[{"name":"wp","href":"https:\/\/api.w.org\/{rel}","templated":true}]}}