{"id":121,"date":"2020-06-02T09:47:40","date_gmt":"2020-06-02T07:47:40","guid":{"rendered":"http:\/\/www.synagogue-montevideo32.fr\/?page_id=121"},"modified":"2023-09-13T10:30:27","modified_gmt":"2023-09-13T08:30:27","slug":"talmud-torah","status":"publish","type":"page","link":"https:\/\/www.synagogue-montevideo31.com\/?page_id=121","title":{"rendered":"Talmud Torah"},"content":{"rendered":"\n<div class=\"wp-block-cover is-light\" style=\"min-height:157px;aspect-ratio:unset;\"><span aria-hidden=\"true\" class=\"wp-block-cover__background has-background-dim\"><\/span><img loading=\"lazy\" decoding=\"async\" width=\"2560\" height=\"1920\" class=\"wp-block-cover__image-background wp-image-391\" alt=\"\" src=\"http:\/\/www.synagogue-montevideo32.fr\/wp-content\/uploads\/2020\/06\/Shule-Juin-2020-Hanoucciah-scaled.jpg\" data-object-fit=\"cover\" srcset=\"https:\/\/www.synagogue-montevideo31.com\/wp-content\/uploads\/2020\/06\/Shule-Juin-2020-Hanoucciah-scaled.jpg 2560w, https:\/\/www.synagogue-montevideo31.com\/wp-content\/uploads\/2020\/06\/Shule-Juin-2020-Hanoucciah-300x225.jpg 300w, https:\/\/www.synagogue-montevideo31.com\/wp-content\/uploads\/2020\/06\/Shule-Juin-2020-Hanoucciah-1024x768.jpg 1024w, https:\/\/www.synagogue-montevideo31.com\/wp-content\/uploads\/2020\/06\/Shule-Juin-2020-Hanoucciah-768x576.jpg 768w, https:\/\/www.synagogue-montevideo31.com\/wp-content\/uploads\/2020\/06\/Shule-Juin-2020-Hanoucciah-1536x1152.jpg 1536w, https:\/\/www.synagogue-montevideo31.com\/wp-content\/uploads\/2020\/06\/Shule-Juin-2020-Hanoucciah-2048x1536.jpg 2048w, https:\/\/www.synagogue-montevideo31.com\/wp-content\/uploads\/2020\/06\/Shule-Juin-2020-Hanoucciah-600x450.jpg 600w\" sizes=\"auto, (max-width: 2560px) 100vw, 2560px\" \/><div class=\"wp-block-cover__inner-container is-layout-flow wp-block-cover-is-layout-flow\">\n<p class=\"has-text-align-center has-large-font-size\"><\/p>\n<\/div><\/div>\n\n\n\n<div style=\"height:31px\" aria-hidden=\"true\" class=\"wp-block-spacer\"><\/div>\n\n\n<h1><strong>Pr\u00e9sentation<\/strong><\/h1>\n\n\n<div class=\"wp-block-columns is-layout-flex wp-container-core-columns-is-layout-9d6595d7 wp-block-columns-is-layout-flex\">\n<div class=\"wp-block-column is-layout-flow wp-block-column-is-layout-flow\">\n<p>Les 3 valeurs de notre Talmud Torah : <span style=\"color: #000000;\"><strong>EXCELLENCE, CREATIVITE, DYNAMISME<\/strong><\/span><\/p>\n\n\n\n<div class=\"wp-block-file\"><a id=\"wp-block-file--media-455829ad-c242-4427-ac85-be77c3a44e06\" href=\"http:\/\/www.synagogue-montevideo32.fr\/wp-content\/uploads\/2020\/07\/FLYER-TALMUD-TORAH-2020-2021-VD1.pdf\"><strong>FLYER-TALMUD-TORAH-2020-2021<\/strong><\/a><a href=\"http:\/\/www.synagogue-montevideo32.fr\/wp-content\/uploads\/2020\/07\/FLYER-TALMUD-TORAH-2020-2021-VD1.pdf\" class=\"wp-block-file__button wp-element-button\" download aria-describedby=\"wp-block-file--media-455829ad-c242-4427-ac85-be77c3a44e06\">T\u00e9l\u00e9charger<\/a><\/div>\n<\/div>\n\n\n\n<div class=\"wp-block-column is-vertically-aligned-top is-layout-flow wp-block-column-is-layout-flow\">\n<div class=\"wp-block-file\"><a id=\"wp-block-file--media-56e809b9-0604-4304-bc0f-e7febf790d93\" href=\"http:\/\/www.synagogue-montevideo32.fr\/wp-content\/uploads\/2020\/07\/PRESENTATION-SYNTHETIQUE-DU-PROJET-DU-TT-.pdf\"><strong>PRESENTATION SYNTHETIQUE DU PROJET<\/strong><\/a><a href=\"http:\/\/www.synagogue-montevideo32.fr\/wp-content\/uploads\/2020\/07\/PRESENTATION-SYNTHETIQUE-DU-PROJET-DU-TT-.pdf\" class=\"wp-block-file__button wp-element-button\" download aria-describedby=\"wp-block-file--media-56e809b9-0604-4304-bc0f-e7febf790d93\">T\u00e9l\u00e9charger<\/a><\/div>\n\n\n\n<div class=\"wp-block-file\"><a id=\"wp-block-file--media-56832464-9bdf-41d4-9199-97db49cfb1da\" href=\"https:\/\/www.synagogue-montevideo31.com\/calendrier\/CALENDRIER 2023-2024.pdf\"><strong>CALENDRIER 2023-2024<\/strong><\/a><a href=\"https:\/\/www.synagogue-montevideo31.com\/calendrier\/CALENDRIER 2023-2024.pdf\" class=\"wp-block-file__button wp-element-button\" download=\"\" aria-describedby=\"wp-block-file--media-56832464-9bdf-41d4-9199-97db49cfb1da\">T\u00e9l\u00e9charger<\/a><\/div>\n<\/div>\n<\/div>\n\n\n\n<h1 class=\"wp-block-heading has-black-color has-text-color\"><a rel=\"noreferrer noopener\" href=\"https:\/\/www.synagogue-montevideo31.com\/?page_id=3315\" data-type=\"page\" data-id=\"3315\" target=\"_blank\">Les Podcasts<\/a><\/h1>\n\n\n\n<div style=\"height:38px\" aria-hidden=\"true\" class=\"wp-block-spacer\"><\/div>\n\n\n\n<p><strong>Directeur :<\/strong> <span class=\"has-inline-color has-vivid-cyan-blue-color\"><strong>Marc Kogel<\/strong><\/span><\/p>\n\n\n\n<div class=\"wp-block-columns is-layout-flex wp-container-core-columns-is-layout-9d6595d7 wp-block-columns-is-layout-flex\">\n<div class=\"wp-block-column is-layout-flow wp-block-column-is-layout-flow\">\n<h2 class=\"wp-block-heading\" id=\"notre-mission\"><strong><span class=\"has-inline-color has-vivid-cyan-blue-color\">Notre Mission :<\/span><\/strong><\/h2>\n\n\n\n<p>Faire un Talmud Torah d\u2019excellence<\/p>\n\n\n\n<div style=\"height:61px\" aria-hidden=\"true\" class=\"wp-block-spacer\"><\/div>\n\n\n<div class=\"wp-block-image\">\n<figure class=\"alignleft size-large\"><img loading=\"lazy\" decoding=\"async\" width=\"1024\" height=\"683\" src=\"http:\/\/www.synagogue-montevideo32.fr\/wp-content\/uploads\/2020\/07\/target-3535317_1920-1024x683.jpg\" alt=\"\" class=\"wp-image-930\" srcset=\"https:\/\/www.synagogue-montevideo31.com\/wp-content\/uploads\/2020\/07\/target-3535317_1920-1024x683.jpg 1024w, https:\/\/www.synagogue-montevideo31.com\/wp-content\/uploads\/2020\/07\/target-3535317_1920-300x200.jpg 300w, https:\/\/www.synagogue-montevideo31.com\/wp-content\/uploads\/2020\/07\/target-3535317_1920-768x512.jpg 768w, https:\/\/www.synagogue-montevideo31.com\/wp-content\/uploads\/2020\/07\/target-3535317_1920-1536x1024.jpg 1536w, https:\/\/www.synagogue-montevideo31.com\/wp-content\/uploads\/2020\/07\/target-3535317_1920-600x400.jpg 600w, https:\/\/www.synagogue-montevideo31.com\/wp-content\/uploads\/2020\/07\/target-3535317_1920.jpg 1920w\" sizes=\"auto, (max-width: 1024px) 100vw, 1024px\" \/><\/figure>\n<\/div><\/div>\n\n\n\n<div class=\"wp-block-column is-layout-flow wp-block-column-is-layout-flow\">\n<h2 class=\"wp-block-heading\" id=\"nos-objectifs\"><strong><span class=\"has-inline-color has-vivid-purple-color\">Nos objectifs :<\/span><\/strong><\/h2>\n\n\n\n<p>Transmettre une identit\u00e9 juive et citoyenne qui<br>s\u2019appuie sur des connaissances juives solides et sur le respect d\u2019autrui<\/p>\n\n\n\n<figure class=\"wp-block-image size-large\"><img loading=\"lazy\" decoding=\"async\" width=\"1024\" height=\"768\" src=\"http:\/\/www.synagogue-montevideo32.fr\/wp-content\/uploads\/2020\/07\/dreidels-20347_1920-1024x768.jpg\" alt=\"\" class=\"wp-image-939\" srcset=\"https:\/\/www.synagogue-montevideo31.com\/wp-content\/uploads\/2020\/07\/dreidels-20347_1920-1024x768.jpg 1024w, https:\/\/www.synagogue-montevideo31.com\/wp-content\/uploads\/2020\/07\/dreidels-20347_1920-300x225.jpg 300w, https:\/\/www.synagogue-montevideo31.com\/wp-content\/uploads\/2020\/07\/dreidels-20347_1920-768x576.jpg 768w, https:\/\/www.synagogue-montevideo31.com\/wp-content\/uploads\/2020\/07\/dreidels-20347_1920-1536x1152.jpg 1536w, https:\/\/www.synagogue-montevideo31.com\/wp-content\/uploads\/2020\/07\/dreidels-20347_1920-600x450.jpg 600w, https:\/\/www.synagogue-montevideo31.com\/wp-content\/uploads\/2020\/07\/dreidels-20347_1920.jpg 1920w\" sizes=\"auto, (max-width: 1024px) 100vw, 1024px\" \/><\/figure>\n<\/div>\n\n\n\n<div class=\"wp-block-column is-layout-flow wp-block-column-is-layout-flow\">\n<h2 class=\"wp-block-heading\" id=\"nos-forces\"><strong><span class=\"has-inline-color has-vivid-green-cyan-color\">Nos forces :<\/span><\/strong><\/h2>\n\n\n\n<ul class=\"wp-block-list\">\n<li>Un programme d\u2019enseignement structur\u00e9, coh\u00e9rent, progressif, p\u00e9dagogie active et inclusive<\/li>\n\n\n\n<li>Un lien familles\/institutions valoris\u00e9<\/li>\n\n\n\n<li>Un suivi personnalis\u00e9 des \u00e9l\u00e8ves<\/li>\n\n\n\n<li>Encadrement et formation des professeurs<\/li>\n\n\n\n<li>Offre de cours aux parents<\/li>\n\n\n\n<li>Un accueil et un projet d\u00e8s la petite section Maternelle<\/li>\n\n\n\n<li>Cours de pr\u00e9 Bar\/Bat-Mitzva<\/li>\n\n\n\n<li>Cours post Bar\/Bat-Mitzva<\/li>\n\n\n\n<li>De nombreuses activit\u00e9s ludiques et cr\u00e9atives qui<br>construisent un juda\u00efsme joyeux<\/li>\n<\/ul>\n<\/div>\n<\/div>\n\n\n\n<p><\/p>\n\n\n\n<p><strong>Responsable p\u00e9dagogique : <\/strong><mark style=\"background-color:rgba(0, 0, 0, 0)\" class=\"has-inline-color has-vivid-cyan-blue-color\"><strong>Hannah Ruimy<\/strong><\/mark><\/p>\n\n\n\n<p class=\"has-vivid-purple-color has-text-color\"><strong>Enseignantes :<\/strong> <strong>Aud\u00e9lia Ab\u00e9cassis, L\u00e9a Afriat, Avigail Akouka, Odelia Farhi, Salom\u00e9 Lahmi, Yedida Rosenberg<\/strong><\/p>\n\n\n\n<p class=\"has-text-align-left has-vivid-purple-color has-white-background-color has-text-color has-background\"><\/p>\n","protected":false},"excerpt":{"rendered":"<p>Pr\u00e9sentation Les 3 valeurs de notre Talmud Torah : EXCELLENCE, CREATIVITE, DYNAMISME CALENDRIER 2023-2024T\u00e9l\u00e9charger Les Podcasts Directeur : Marc Kogel Notre Mission : Faire un Talmud Torah d\u2019excellence Nos objectifs : Transmettre une identit\u00e9 juive et citoyenne quis\u2019appuie sur des connaissances juives solides et sur le respect d\u2019autrui Nos forces : Responsable p\u00e9dagogique : Hannah Ruimy Enseignantes : Aud\u00e9lia Ab\u00e9cassis, L\u00e9a Afriat, Avigail Akouka, Odelia Farhi, Salom\u00e9 Lahmi, Yedida Rosenberg<\/p>\n","protected":false},"author":1,"featured_media":0,"parent":0,"menu_order":0,"comment_status":"closed","ping_status":"closed","template":"template-parts\/page-template-full-width.php","meta":{"footnotes":""},"class_list":["post-121","page","type-page","status-publish","hentry"],"_links":{"self":[{"href":"https:\/\/www.synagogue-montevideo31.com\/index.php?rest_route=\/wp\/v2\/pages\/121","targetHints":{"allow":["GET"]}}],"collection":[{"href":"https:\/\/www.synagogue-montevideo31.com\/index.php?rest_route=\/wp\/v2\/pages"}],"about":[{"href":"https:\/\/www.synagogue-montevideo31.com\/index.php?rest_route=\/wp\/v2\/types\/page"}],"author":[{"embeddable":true,"href":"https:\/\/www.synagogue-montevideo31.com\/index.php?rest_route=\/wp\/v2\/users\/1"}],"replies":[{"embeddable":true,"href":"https:\/\/www.synagogue-montevideo31.com\/index.php?rest_route=%2Fwp%2Fv2%2Fcomments&post=121"}],"version-history":[{"count":67,"href":"https:\/\/www.synagogue-montevideo31.com\/index.php?rest_route=\/wp\/v2\/pages\/121\/revisions"}],"predecessor-version":[{"id":3972,"href":"https:\/\/www.synagogue-montevideo31.com\/index.php?rest_route=\/wp\/v2\/pages\/121\/revisions\/3972"}],"wp:attachment":[{"href":"https:\/\/www.synagogue-montevideo31.com\/index.php?rest_route=%2Fwp%2Fv2%2Fmedia&parent=121"}],"curies":[{"name":"wp","href":"https:\/\/api.w.org\/{rel}","templated":true}]}}