{"id":119,"date":"2020-06-02T09:47:19","date_gmt":"2020-06-02T07:47:19","guid":{"rendered":"http:\/\/www.synagogue-montevideo32.fr\/?page_id=119"},"modified":"2023-02-07T09:54:50","modified_gmt":"2023-02-07T08:54:50","slug":"tsedaka","status":"publish","type":"page","link":"https:\/\/www.synagogue-montevideo31.com\/?page_id=119","title":{"rendered":"Ts\u00e9daka"},"content":{"rendered":"\n<div class=\"wp-block-cover is-light\" style=\"min-height:157px;aspect-ratio:unset;\"><span aria-hidden=\"true\" class=\"wp-block-cover__background has-background-dim\"><\/span><img loading=\"lazy\" decoding=\"async\" width=\"2560\" height=\"1920\" class=\"wp-block-cover__image-background wp-image-391\" alt=\"\" src=\"http:\/\/www.synagogue-montevideo32.fr\/wp-content\/uploads\/2020\/06\/Shule-Juin-2020-Hanoucciah-scaled.jpg\" data-object-fit=\"cover\" srcset=\"https:\/\/www.synagogue-montevideo31.com\/wp-content\/uploads\/2020\/06\/Shule-Juin-2020-Hanoucciah-scaled.jpg 2560w, https:\/\/www.synagogue-montevideo31.com\/wp-content\/uploads\/2020\/06\/Shule-Juin-2020-Hanoucciah-300x225.jpg 300w, https:\/\/www.synagogue-montevideo31.com\/wp-content\/uploads\/2020\/06\/Shule-Juin-2020-Hanoucciah-1024x768.jpg 1024w, https:\/\/www.synagogue-montevideo31.com\/wp-content\/uploads\/2020\/06\/Shule-Juin-2020-Hanoucciah-768x576.jpg 768w, https:\/\/www.synagogue-montevideo31.com\/wp-content\/uploads\/2020\/06\/Shule-Juin-2020-Hanoucciah-1536x1152.jpg 1536w, https:\/\/www.synagogue-montevideo31.com\/wp-content\/uploads\/2020\/06\/Shule-Juin-2020-Hanoucciah-2048x1536.jpg 2048w, https:\/\/www.synagogue-montevideo31.com\/wp-content\/uploads\/2020\/06\/Shule-Juin-2020-Hanoucciah-600x450.jpg 600w\" sizes=\"auto, (max-width: 2560px) 100vw, 2560px\" \/><div class=\"wp-block-cover__inner-container is-layout-flow wp-block-cover-is-layout-flow\">\n<p class=\"has-text-align-center has-large-font-size\"><\/p>\n<\/div><\/div>\n\n\n\n<div style=\"height:33px\" aria-hidden=\"true\" class=\"wp-block-spacer\"><\/div>\n\n\n\n<div class=\"wp-block-media-text alignwide has-media-on-the-right is-stacked-on-mobile is-vertically-aligned-top\" style=\"grid-template-columns:auto 48%\"><div class=\"wp-block-media-text__content\">\n<p>La Ts\u00e9daka est une \u201cmitzva\u201d, c\u2019est \u00e0 dire un commandement que chacun se doit d\u2019observer. Selon la tradition, 10% de ses revenus y est consacr\u00e9, le 10\u00e8me, la dime. Il s\u2019applique m\u00eame au pauvre qui aurait re\u00e7u la Ts\u00e9daka; \u00e0 son tour il doit donner \u00e0 plus pauvre que lui. Au nom d\u2019une certaine conception de la justice, la Ts\u00e9daka est ainsi un \u00e9l\u00e9ment central, incontournable dans toutes les communaut\u00e9s juives. C\u2019est le cas dans notre communaut\u00e9. Les sommes collect\u00e9es servent \u00e0 venir en aide \u00e0 tous ceux que la vie a laiss\u00e9 aux bords du chemin.<\/p>\n<p>L\u2019accomplissement de cette mitzva ne peut se faire sans votre g\u00e9n\u00e9rosit\u00e9, notamment au moment des &#8220;Yamim Noraim&#8221; (Roch Hachana et Kippour) et de Pessa&#8217;h. Mais vous pouvez \u00e0 tout moment faire des dons (le Chabbat, \u00e0 une naissance, pour une bar\/bat mitzva\u2026).<br \/><strong>POUR ACCEDER AU FORMULAIRE DE DON, <a href=\"http:\/\/www.synagogue-montevideo32.fr\/?page_id=809\" target=\"_blank\" rel=\"noopener noreferrer\">CLIQUER ICI.<\/a><\/strong><\/p>\n<p>Nous recevons les personnes qui font appel \u00e0 nous toute l&#8217;ann\u00e9e. Nos permanences ont lieu deux fois par mois, et les personnes qui ont pris rendez-vous sont re\u00e7ues individuellement et en toute discr\u00e9tion. Nous les \u00e9coutons et cherchons \u00e0 comprendre leurs besoins et pour une partie, nous allons chercher \u00e0 faire mieux et \u00e0 les connecter \u00e0 l&#8217;Action Sociale ou \u00e0 d&#8217;autres services communautaires qui peuvent subvenir \u00e0 leurs besoins. Nous avons ainsi pu offrir des ordinateurs pour des enfants, fournir des meubles ou des appareils \u00e9lectrom\u00e9nagers ou contribuer \u00e0 des travaux d&#8217;am\u00e9liorations sanitaires.<br \/>Les sommes qui sont allou\u00e9es \u00e0 l&#8217;ensemble des allocataires leur sont vers\u00e9es par virement bancaire, sans n\u00e9cessiter de revenir plusieurs fois dans l&#8217;ann\u00e9e, ni de faire la queue.<\/p>\n<\/div><figure class=\"wp-block-media-text__media\"><img loading=\"lazy\" decoding=\"async\" width=\"1024\" height=\"706\" src=\"http:\/\/www.synagogue-montevideo32.fr\/wp-content\/uploads\/2020\/06\/volunteer-2055010_1920-1024x706.png\" alt=\"\" class=\"wp-image-803 size-full\" srcset=\"https:\/\/www.synagogue-montevideo31.com\/wp-content\/uploads\/2020\/06\/volunteer-2055010_1920-1024x706.png 1024w, https:\/\/www.synagogue-montevideo31.com\/wp-content\/uploads\/2020\/06\/volunteer-2055010_1920-300x207.png 300w, https:\/\/www.synagogue-montevideo31.com\/wp-content\/uploads\/2020\/06\/volunteer-2055010_1920-768x530.png 768w, https:\/\/www.synagogue-montevideo31.com\/wp-content\/uploads\/2020\/06\/volunteer-2055010_1920-1536x1059.png 1536w, https:\/\/www.synagogue-montevideo31.com\/wp-content\/uploads\/2020\/06\/volunteer-2055010_1920-600x414.png 600w, https:\/\/www.synagogue-montevideo31.com\/wp-content\/uploads\/2020\/06\/volunteer-2055010_1920.png 1920w\" sizes=\"auto, (max-width: 1024px) 100vw, 1024px\" \/><\/figure><\/div>\n\n\n\n<div class=\"wp-block-media-text alignwide has-media-on-the-right is-stacked-on-mobile is-vertically-aligned-top\" style=\"grid-template-columns:auto 48%\"><div class=\"wp-block-media-text__content\">\n<p>La distribution de la Ts\u00e9daka dans notre communaut\u00e9 est ancr\u00e9e dans nos valeurs. Chaque ann\u00e9e nous faisons une distribution gr\u00e2ce \u00e0 votre g\u00e9n\u00e9rosit\u00e9 pour les f\u00eates de Tichri et pour Pessa&#8217;h.<br>Pour exemple, en 2019, nous avons servi 379 personnes dont 166 \u00e9taient inscrites dans les fichiers de l\u2019ACTI.<br><\/p>\n\n\n\n<p>Nous comptons comme d\u2019habitude sur votre g\u00e9n\u00e9rosit\u00e9 pour que cette action perdure et soit toujours une fiert\u00e9 pour notre communaut\u00e9.<\/p>\n\n\n\n<p><br><strong>Marc Kogel<\/strong>,<strong> Janine Riveline<\/strong><\/p>\n<\/div><figure class=\"wp-block-media-text__media\"><img loading=\"lazy\" decoding=\"async\" width=\"1024\" height=\"1024\" src=\"http:\/\/www.synagogue-montevideo32.fr\/wp-content\/uploads\/2020\/07\/help-2655258_1920-1024x1024.png\" alt=\"\" class=\"wp-image-805 size-full\" srcset=\"https:\/\/www.synagogue-montevideo31.com\/wp-content\/uploads\/2020\/07\/help-2655258_1920-1024x1024.png 1024w, https:\/\/www.synagogue-montevideo31.com\/wp-content\/uploads\/2020\/07\/help-2655258_1920-300x300.png 300w, https:\/\/www.synagogue-montevideo31.com\/wp-content\/uploads\/2020\/07\/help-2655258_1920-150x150.png 150w, https:\/\/www.synagogue-montevideo31.com\/wp-content\/uploads\/2020\/07\/help-2655258_1920-768x768.png 768w, https:\/\/www.synagogue-montevideo31.com\/wp-content\/uploads\/2020\/07\/help-2655258_1920-1536x1536.png 1536w, https:\/\/www.synagogue-montevideo31.com\/wp-content\/uploads\/2020\/07\/help-2655258_1920-600x600.png 600w, https:\/\/www.synagogue-montevideo31.com\/wp-content\/uploads\/2020\/07\/help-2655258_1920-100x100.png 100w, https:\/\/www.synagogue-montevideo31.com\/wp-content\/uploads\/2020\/07\/help-2655258_1920.png 1920w\" sizes=\"auto, (max-width: 1024px) 100vw, 1024px\" \/><\/figure><\/div>\n","protected":false},"excerpt":{"rendered":"<p>La Ts\u00e9daka est une \u201cmitzva\u201d, c\u2019est \u00e0 dire un commandement que chacun se doit d\u2019observer. Selon la tradition, 10% de ses revenus y est consacr\u00e9, le 10\u00e8me, la dime. Il s\u2019applique m\u00eame au pauvre qui aurait re\u00e7u la Ts\u00e9daka; \u00e0 son tour il doit donner \u00e0 plus pauvre que lui. Au nom d\u2019une certaine conception de la justice, la Ts\u00e9daka est ainsi un \u00e9l\u00e9ment central, incontournable dans toutes les communaut\u00e9s juives. C\u2019est le cas dans notre communaut\u00e9. Les sommes collect\u00e9es servent \u00e0 venir en aide \u00e0 tous ceux que la vie a laiss\u00e9 aux bords du chemin. L\u2019accomplissement de cette&#8230; <\/p>\n","protected":false},"author":1,"featured_media":0,"parent":0,"menu_order":0,"comment_status":"closed","ping_status":"closed","template":"template-parts\/page-template-full-width.php","meta":{"footnotes":""},"class_list":["post-119","page","type-page","status-publish","hentry"],"_links":{"self":[{"href":"https:\/\/www.synagogue-montevideo31.com\/index.php?rest_route=\/wp\/v2\/pages\/119","targetHints":{"allow":["GET"]}}],"collection":[{"href":"https:\/\/www.synagogue-montevideo31.com\/index.php?rest_route=\/wp\/v2\/pages"}],"about":[{"href":"https:\/\/www.synagogue-montevideo31.com\/index.php?rest_route=\/wp\/v2\/types\/page"}],"author":[{"embeddable":true,"href":"https:\/\/www.synagogue-montevideo31.com\/index.php?rest_route=\/wp\/v2\/users\/1"}],"replies":[{"embeddable":true,"href":"https:\/\/www.synagogue-montevideo31.com\/index.php?rest_route=%2Fwp%2Fv2%2Fcomments&post=119"}],"version-history":[{"count":25,"href":"https:\/\/www.synagogue-montevideo31.com\/index.php?rest_route=\/wp\/v2\/pages\/119\/revisions"}],"predecessor-version":[{"id":3607,"href":"https:\/\/www.synagogue-montevideo31.com\/index.php?rest_route=\/wp\/v2\/pages\/119\/revisions\/3607"}],"wp:attachment":[{"href":"https:\/\/www.synagogue-montevideo31.com\/index.php?rest_route=%2Fwp%2Fv2%2Fmedia&parent=119"}],"curies":[{"name":"wp","href":"https:\/\/api.w.org\/{rel}","templated":true}]}}