{"id":111,"date":"2020-06-02T09:46:12","date_gmt":"2020-06-02T07:46:12","guid":{"rendered":"http:\/\/www.synagogue-montevideo32.fr\/?page_id=111"},"modified":"2023-02-18T22:02:47","modified_gmt":"2023-02-18T21:02:47","slug":"permanents","status":"publish","type":"page","link":"https:\/\/www.synagogue-montevideo31.com\/?page_id=111","title":{"rendered":"Permanents"},"content":{"rendered":"<h2>Service du Culte<\/h2>\n\n\n<div class=\"wp-block-columns is-layout-flex wp-container-core-columns-is-layout-9d6595d7 wp-block-columns-is-layout-flex\">\n<div class=\"wp-block-column is-layout-flow wp-block-column-is-layout-flow\">\n<div class=\"wp-block-media-text alignwide is-stacked-on-mobile\" style=\"grid-template-columns:48% auto\"><figure class=\"wp-block-media-text__media\"><img loading=\"lazy\" decoding=\"async\" width=\"1024\" height=\"1007\" src=\"http:\/\/www.synagogue-montevideo32.fr\/wp-content\/uploads\/2020\/06\/rabbin-milewski_Fotor-1024x1007.png\" alt=\"\" class=\"wp-image-134 size-full\" srcset=\"https:\/\/www.synagogue-montevideo31.com\/wp-content\/uploads\/2020\/06\/rabbin-milewski_Fotor-1024x1007.png 1024w, https:\/\/www.synagogue-montevideo31.com\/wp-content\/uploads\/2020\/06\/rabbin-milewski_Fotor-600x590.png 600w, https:\/\/www.synagogue-montevideo31.com\/wp-content\/uploads\/2020\/06\/rabbin-milewski_Fotor-300x295.png 300w, https:\/\/www.synagogue-montevideo31.com\/wp-content\/uploads\/2020\/06\/rabbin-milewski_Fotor-768x755.png 768w, https:\/\/www.synagogue-montevideo31.com\/wp-content\/uploads\/2020\/06\/rabbin-milewski_Fotor.png 1454w\" sizes=\"auto, (max-width: 1024px) 100vw, 1024px\" \/><\/figure><div class=\"wp-block-media-text__content\">\n<p><strong>Jacky Milewski<\/strong><\/p>\n\n\n\n<p>Rabbin<\/p>\n<\/div><\/div>\n<\/div>\n\n\n\n<div class=\"wp-block-column is-layout-flow wp-block-column-is-layout-flow\">\n<p>Jacky Milewski est n\u00e9 en 1977. Dipl\u00f4m\u00e9 du S\u00e9minaire Isra\u00e9lite de France, il est aussi docteur en droit. Sa th\u00e8se, dirig\u00e9e par le regrett\u00e9 professeur Rapha\u00ebl Drai z&#8221;l, portait sur l\u2019\u00e9thique des r\u00e8gles d\u2019interpr\u00e9tation talmudiques. Auteur de plusieurs ouvrages sur les normes h\u00e9bra\u00efques (le chabbat, la cacheroute, le deuil, la vieillesse, la dignit\u00e9, la pri\u00e8re juive, la Shoah, \u2026), il est le Rabbin de notre communaut\u00e9.<\/p>\n<\/div>\n<\/div>\n\n\n\n<div class=\"wp-block-columns is-layout-flex wp-container-core-columns-is-layout-9d6595d7 wp-block-columns-is-layout-flex\">\n<div class=\"wp-block-column is-layout-flow wp-block-column-is-layout-flow\"><\/div>\n<\/div>\n\n\n\n<div class=\"wp-block-columns is-layout-flex wp-container-core-columns-is-layout-9d6595d7 wp-block-columns-is-layout-flex\">\n<div class=\"wp-block-column is-layout-flow wp-block-column-is-layout-flow\">\n<div class=\"wp-block-media-text alignwide is-stacked-on-mobile\" style=\"grid-template-columns:48% auto\"><figure class=\"wp-block-media-text__media\"><img loading=\"lazy\" decoding=\"async\" width=\"1024\" height=\"683\" src=\"http:\/\/www.synagogue-montevideo32.fr\/wp-content\/uploads\/2020\/08\/jewish-4524463_1920-1024x683.jpg\" alt=\"\" class=\"wp-image-1086 size-full\" srcset=\"https:\/\/www.synagogue-montevideo31.com\/wp-content\/uploads\/2020\/08\/jewish-4524463_1920-1024x683.jpg 1024w, https:\/\/www.synagogue-montevideo31.com\/wp-content\/uploads\/2020\/08\/jewish-4524463_1920-300x200.jpg 300w, https:\/\/www.synagogue-montevideo31.com\/wp-content\/uploads\/2020\/08\/jewish-4524463_1920-768x512.jpg 768w, https:\/\/www.synagogue-montevideo31.com\/wp-content\/uploads\/2020\/08\/jewish-4524463_1920-1536x1024.jpg 1536w, https:\/\/www.synagogue-montevideo31.com\/wp-content\/uploads\/2020\/08\/jewish-4524463_1920-600x400.jpg 600w, https:\/\/www.synagogue-montevideo31.com\/wp-content\/uploads\/2020\/08\/jewish-4524463_1920.jpg 1920w\" sizes=\"auto, (max-width: 1024px) 100vw, 1024px\" \/><\/figure><div class=\"wp-block-media-text__content\">\n<p><strong>Abraham Benloulo<\/strong><\/p>\n\n\n\n<p>Chamach<\/p>\n<\/div><\/div>\n<\/div>\n\n\n\n<div class=\"wp-block-column is-layout-flow wp-block-column-is-layout-flow\">\n<p>Abraham Benloulo est l\u2019homme de toutes les situations. Toujours \u00e0 l\u2019\u00e9coute et disponible il met en oeuvre tout ce qui est n\u00e9cessaire au bon fonctionnement de la synagogue et de notre&nbsp;centre communautaire.<\/p>\n<\/div>\n<\/div>\n\n\n\n<div class=\"wp-block-spacer\" style=\"height: 38px;\" aria-hidden=\"true\">\u00a0<\/div>\n\n\n\n<h2 class=\"wp-block-heading\">Services Administratifs<\/h2>\n\n\n\n<figure class=\"wp-block-table\"><table class=\"has-fixed-layout\"><tbody><tr><td><strong>Charles Bronner<\/strong><br><em>Directeur du CCEW<\/em><\/td><td><strong>Jo\u00eblle Dayan<\/strong><br><em>Permanence Secr\u00e9tariat<\/em><\/td><td><strong>Corinne Levy<\/strong><br><em>Responsable Comptable<\/em><\/td><td><strong>Guy Heyman<\/strong><br><em>S\u00e9curit\u00e9<\/em><\/td><\/tr><\/tbody><\/table><\/figure>\n","protected":false},"excerpt":{"rendered":"<p>Service du Culte Jacky Milewski Rabbin Jacky Milewski est n\u00e9 en 1977. Dipl\u00f4m\u00e9 du S\u00e9minaire Isra\u00e9lite de France, il est aussi docteur en droit. Sa th\u00e8se, dirig\u00e9e par le regrett\u00e9 professeur Rapha\u00ebl Drai z&#8221;l, portait sur l\u2019\u00e9thique des r\u00e8gles d\u2019interpr\u00e9tation talmudiques. Auteur de plusieurs ouvrages sur les normes h\u00e9bra\u00efques (le chabbat, la cacheroute, le deuil, la vieillesse, la dignit\u00e9, la pri\u00e8re juive, la Shoah, \u2026), il est le Rabbin de notre communaut\u00e9. Abraham Benloulo Chamach Abraham Benloulo est l\u2019homme de toutes les situations. Toujours \u00e0 l\u2019\u00e9coute et disponible il met en oeuvre tout ce qui est n\u00e9cessaire au bon fonctionnement&#8230; <\/p>\n","protected":false},"author":1,"featured_media":0,"parent":0,"menu_order":0,"comment_status":"closed","ping_status":"closed","template":"template-parts\/page-template-full-width.php","meta":{"footnotes":""},"class_list":["post-111","page","type-page","status-publish","hentry"],"_links":{"self":[{"href":"https:\/\/www.synagogue-montevideo31.com\/index.php?rest_route=\/wp\/v2\/pages\/111","targetHints":{"allow":["GET"]}}],"collection":[{"href":"https:\/\/www.synagogue-montevideo31.com\/index.php?rest_route=\/wp\/v2\/pages"}],"about":[{"href":"https:\/\/www.synagogue-montevideo31.com\/index.php?rest_route=\/wp\/v2\/types\/page"}],"author":[{"embeddable":true,"href":"https:\/\/www.synagogue-montevideo31.com\/index.php?rest_route=\/wp\/v2\/users\/1"}],"replies":[{"embeddable":true,"href":"https:\/\/www.synagogue-montevideo31.com\/index.php?rest_route=%2Fwp%2Fv2%2Fcomments&post=111"}],"version-history":[{"count":45,"href":"https:\/\/www.synagogue-montevideo31.com\/index.php?rest_route=\/wp\/v2\/pages\/111\/revisions"}],"predecessor-version":[{"id":3628,"href":"https:\/\/www.synagogue-montevideo31.com\/index.php?rest_route=\/wp\/v2\/pages\/111\/revisions\/3628"}],"wp:attachment":[{"href":"https:\/\/www.synagogue-montevideo31.com\/index.php?rest_route=%2Fwp%2Fv2%2Fmedia&parent=111"}],"curies":[{"name":"wp","href":"https:\/\/api.w.org\/{rel}","templated":true}]}}