{"id":109,"date":"2020-06-02T09:45:54","date_gmt":"2020-06-02T07:45:54","guid":{"rendered":"http:\/\/www.synagogue-montevideo32.fr\/?page_id=109"},"modified":"2023-02-18T22:01:09","modified_gmt":"2023-02-18T21:01:09","slug":"conseil","status":"publish","type":"page","link":"https:\/\/www.synagogue-montevideo31.com\/?page_id=109","title":{"rendered":"Conseil"},"content":{"rendered":"\n<div class=\"wp-block-cover is-light\" style=\"min-height:157px;aspect-ratio:unset;\"><span aria-hidden=\"true\" class=\"wp-block-cover__background has-background-dim\"><\/span><img loading=\"lazy\" decoding=\"async\" width=\"2560\" height=\"1920\" class=\"wp-block-cover__image-background wp-image-391\" alt=\"\" src=\"http:\/\/www.synagogue-montevideo32.fr\/wp-content\/uploads\/2020\/06\/Shule-Juin-2020-Hanoucciah-scaled.jpg\" data-object-fit=\"cover\" srcset=\"https:\/\/www.synagogue-montevideo31.com\/wp-content\/uploads\/2020\/06\/Shule-Juin-2020-Hanoucciah-scaled.jpg 2560w, https:\/\/www.synagogue-montevideo31.com\/wp-content\/uploads\/2020\/06\/Shule-Juin-2020-Hanoucciah-300x225.jpg 300w, https:\/\/www.synagogue-montevideo31.com\/wp-content\/uploads\/2020\/06\/Shule-Juin-2020-Hanoucciah-1024x768.jpg 1024w, https:\/\/www.synagogue-montevideo31.com\/wp-content\/uploads\/2020\/06\/Shule-Juin-2020-Hanoucciah-768x576.jpg 768w, https:\/\/www.synagogue-montevideo31.com\/wp-content\/uploads\/2020\/06\/Shule-Juin-2020-Hanoucciah-1536x1152.jpg 1536w, https:\/\/www.synagogue-montevideo31.com\/wp-content\/uploads\/2020\/06\/Shule-Juin-2020-Hanoucciah-2048x1536.jpg 2048w, https:\/\/www.synagogue-montevideo31.com\/wp-content\/uploads\/2020\/06\/Shule-Juin-2020-Hanoucciah-600x450.jpg 600w\" sizes=\"auto, (max-width: 2560px) 100vw, 2560px\" \/><div class=\"wp-block-cover__inner-container is-layout-flow wp-block-cover-is-layout-flow\">\n<p class=\"has-text-align-center\" style=\"font-size:40px\"><em>Le Conseil d&#8217;Administration<\/em><\/p>\n<\/div><\/div>\n\n\n\n<div style=\"height:20px\" aria-hidden=\"true\" class=\"wp-block-spacer\"><\/div>\n\n\n\n<p>Le Conseil d&#8217;Administration de la Synagogue de Montevideo est compos\u00e9 des membres suivants :<\/p>\n\n\n\n<figure class=\"wp-block-table\"><table><tbody><tr><td><strong>Marc Kogel *<\/strong><br><em>Pr\u00e9sident<\/em><\/td><td><strong>Janine Riveline *<\/strong><br><em>Vice-Pr\u00e9sident<\/em><\/td><td><strong>Edmond Perez *<\/strong><br><em>Vice-Pr\u00e9sident<\/em><\/td><\/tr><tr><td><strong>Anthony Gribe *<\/strong><br><em>Secr\u00e9taire G\u00e9n\u00e9ral<\/em><\/td><td><strong>Guy Heyman *<\/strong><br><em>Tr\u00e9sorier<\/em><\/td><td><strong>Laurent Voignac<\/strong><br><em>Administrateur<\/em><\/td><\/tr><tr><td><strong>Judith Gross<\/strong><br><em>Administrateur<\/em><\/td><td><strong>Roger Hanau<\/strong><br><em>Administrateu<\/em>r<\/td><td><strong>Olivier Iteanu<\/strong><br><em>Administrateur<\/em><\/td><\/tr><tr><td><strong>Sylvie Moryoussef<\/strong><br><em>Administrateur<\/em><\/td><td><\/td><td><\/td><\/tr><\/tbody><\/table><figcaption class=\"wp-element-caption\">* Membres du Bureau<\/figcaption><\/figure>\n\n\n\n<p><\/p>\n\n\n<p><\/p>","protected":false},"excerpt":{"rendered":"<p>Le Conseil d&#8217;Administration de la Synagogue de Montevideo est compos\u00e9 des membres suivants : Marc Kogel *Pr\u00e9sident Janine Riveline *Vice-Pr\u00e9sident Edmond Perez *Vice-Pr\u00e9sident Anthony Gribe *Secr\u00e9taire G\u00e9n\u00e9ral Guy Heyman *Tr\u00e9sorier Laurent VoignacAdministrateur Judith GrossAdministrateur Roger HanauAdministrateur Olivier IteanuAdministrateur Sylvie MoryoussefAdministrateur * Membres du Bureau<\/p>\n","protected":false},"author":1,"featured_media":0,"parent":0,"menu_order":0,"comment_status":"closed","ping_status":"closed","template":"template-parts\/page-template-full-width.php","meta":{"footnotes":""},"class_list":["post-109","page","type-page","status-publish","hentry"],"_links":{"self":[{"href":"https:\/\/www.synagogue-montevideo31.com\/index.php?rest_route=\/wp\/v2\/pages\/109","targetHints":{"allow":["GET"]}}],"collection":[{"href":"https:\/\/www.synagogue-montevideo31.com\/index.php?rest_route=\/wp\/v2\/pages"}],"about":[{"href":"https:\/\/www.synagogue-montevideo31.com\/index.php?rest_route=\/wp\/v2\/types\/page"}],"author":[{"embeddable":true,"href":"https:\/\/www.synagogue-montevideo31.com\/index.php?rest_route=\/wp\/v2\/users\/1"}],"replies":[{"embeddable":true,"href":"https:\/\/www.synagogue-montevideo31.com\/index.php?rest_route=%2Fwp%2Fv2%2Fcomments&post=109"}],"version-history":[{"count":25,"href":"https:\/\/www.synagogue-montevideo31.com\/index.php?rest_route=\/wp\/v2\/pages\/109\/revisions"}],"predecessor-version":[{"id":3627,"href":"https:\/\/www.synagogue-montevideo31.com\/index.php?rest_route=\/wp\/v2\/pages\/109\/revisions\/3627"}],"wp:attachment":[{"href":"https:\/\/www.synagogue-montevideo31.com\/index.php?rest_route=%2Fwp%2Fv2%2Fmedia&parent=109"}],"curies":[{"name":"wp","href":"https:\/\/api.w.org\/{rel}","templated":true}]}}