{"id":105,"date":"2020-06-02T09:44:37","date_gmt":"2020-06-02T07:44:37","guid":{"rendered":"http:\/\/www.synagogue-montevideo32.fr\/?page_id=105"},"modified":"2021-01-18T18:16:13","modified_gmt":"2021-01-18T17:16:13","slug":"qui-sommes-nous","status":"publish","type":"page","link":"https:\/\/www.synagogue-montevideo31.com\/?page_id=105","title":{"rendered":"Qui sommes-nous ?"},"content":{"rendered":"<div class=\"wp-block-cover has-background-dim\" style=\"background-image: url(&apos;http:\/\/www.synagogue-montevideo32.fr\/wp-content\/uploads\/2020\/06\/Shule-Juin-2020-Hanoucciah-scaled.jpg&apos;); min-height: 157px;aspect-ratio:unset;\">\r\n<div class=\"wp-block-cover__inner-container is-layout-flow wp-block-cover-is-layout-flow\">\r\n<p class=\"has-text-align-center has-large-font-size\">\u00a0<\/p>\r\n<\/div>\r\n<\/div>\r\n\r\n<p>&nbsp;<\/p>\r\n\r\n<div class=\"wp-block-spacer\" style=\"height: 45px;\" aria-hidden=\"true\">\u00a0<\/div>\r\n\r\n<p>&nbsp;<\/p>\r\n\r\n<div class=\"wp-block-columns is-layout-flex wp-container-core-columns-is-layout-9d6595d7 wp-block-columns-is-layout-flex\">\r\n<div class=\"wp-block-column is-layout-flow wp-block-column-is-layout-flow\">\r\n<p>La communaut\u00e9 Ohel Avraham de la Rue Montevideo est une Synagogue orthodoxe de rite Achk\u00e9naze. Totalement ind\u00e9pendante et priv\u00e9e, notre communaut\u00e9 est constitu\u00e9e de plus de 200 familles et accueille tout au long de l\u2019ann\u00e9e de nouveaux membres dans un cadre traditionaliste et convivial. Elle offre \u00e0 chacun, la possibilit\u00e9 d\u2019assister chaque jour de l\u2019ann\u00e9e \u00e0 l\u2019ensemble des offices (Cha\u2019harit, Min\u2019ha et Maariv). La communaut\u00e9 accompagne \u00e9galement ses membres tout au long de leur vie religieuse en leur permettant d\u2019organiser brith mila, bar\/bat mitzva, mariage et en offrant un service de &#8216;H\u00e9vra Kadicha.<\/p>\r\n\r\n\r\n\r\n<p>Notre Talmud Torah attire de nombreuses familles du quartier, l&#8217;Action Sociale, en liaison avec le CASIP-COSAJOR s&#8217;occupe de personnes en difficult\u00e9 et nous distribuons des bons alimentaires lors des distributions de Tsedaka organis\u00e9es \u00e0 l&#8217;occasion des grandes f\u00eates du calendrier juif.<\/p>\r\n\r\n\r\n\r\n<p>Le Centre Communautaire Edmond Weil organise tout au long de l&#8217;ann\u00e9e des activit\u00e9s culturelles. Son rayonnement a \u00e9t\u00e9 amplifi\u00e9 pendant le confinement de 2020 par le transport de toutes nos activit\u00e9s sur la plate-forme Zoom. Nous avons un partenariat avec l&#8217;ECUJE dont nous constituons l&#8217;antenne Ouest-Parisien.<\/p>\r\n\r\n\r\n\r\n<p>Le Groupe EEIF Moses Montefiore est pr\u00e9sent dans nos locaux et participe aux grands \u00e9v\u00e8nements de la vie communautaire.<\/p>\r\n<\/div>\r\n\r\n\r\n\r\n<div class=\"wp-block-column is-layout-flow wp-block-column-is-layout-flow\">\r\n<div class=\"wp-block-image\">\r\n<figure class=\"alignleft size-full is-resized\"><img loading=\"lazy\" decoding=\"async\" class=\"wp-image-312\" src=\"http:\/\/www.synagogue-montevideo32.fr\/wp-content\/uploads\/2020\/06\/Shule-Juin-2020-vue-de-la-galerie-scaled.jpg\" alt=\"\" width=\"463\" height=\"346\" srcset=\"https:\/\/www.synagogue-montevideo31.com\/wp-content\/uploads\/2020\/06\/Shule-Juin-2020-vue-de-la-galerie-scaled.jpg 2560w, https:\/\/www.synagogue-montevideo31.com\/wp-content\/uploads\/2020\/06\/Shule-Juin-2020-vue-de-la-galerie-scaled-600x450.jpg 600w, https:\/\/www.synagogue-montevideo31.com\/wp-content\/uploads\/2020\/06\/Shule-Juin-2020-vue-de-la-galerie-300x225.jpg 300w, https:\/\/www.synagogue-montevideo31.com\/wp-content\/uploads\/2020\/06\/Shule-Juin-2020-vue-de-la-galerie-1024x768.jpg 1024w, https:\/\/www.synagogue-montevideo31.com\/wp-content\/uploads\/2020\/06\/Shule-Juin-2020-vue-de-la-galerie-768x576.jpg 768w, https:\/\/www.synagogue-montevideo31.com\/wp-content\/uploads\/2020\/06\/Shule-Juin-2020-vue-de-la-galerie-1536x1152.jpg 1536w, https:\/\/www.synagogue-montevideo31.com\/wp-content\/uploads\/2020\/06\/Shule-Juin-2020-vue-de-la-galerie-2048x1536.jpg 2048w\" sizes=\"auto, (max-width: 463px) 100vw, 463px\" \/>\r\n<figcaption>Vue int\u00e9rieure de la Synagogue<\/figcaption>\r\n<\/figure>\r\n<\/div>\r\n\r\n\r\n\r\n<p>&nbsp;<\/p>\r\n<\/div>\r\n<\/div>\r\n\r\n<p>&nbsp;<\/p>\r\n\r\n<p>&nbsp;<\/p>","protected":false},"excerpt":{"rendered":"<p>&nbsp; &nbsp; La communaut\u00e9 Ohel Avraham de la Rue Montevideo est une Synagogue orthodoxe de rite Achk\u00e9naze. Totalement ind\u00e9pendante et priv\u00e9e, notre communaut\u00e9 est constitu\u00e9e de plus de 200 familles et accueille tout au long de l\u2019ann\u00e9e de nouveaux membres dans un cadre traditionaliste et convivial. Elle offre \u00e0 chacun, la possibilit\u00e9 d\u2019assister chaque jour de l\u2019ann\u00e9e \u00e0 l\u2019ensemble des offices (Cha\u2019harit, Min\u2019ha et Maariv). La communaut\u00e9 accompagne \u00e9galement ses membres tout au long de leur vie religieuse en leur permettant d\u2019organiser brith mila, bar\/bat mitzva, mariage et en offrant un service de &#8216;H\u00e9vra Kadicha. Notre Talmud Torah attire de&#8230; <\/p>\n","protected":false},"author":1,"featured_media":0,"parent":0,"menu_order":0,"comment_status":"closed","ping_status":"closed","template":"template-parts\/page-template-full-width.php","meta":{"footnotes":""},"class_list":["post-105","page","type-page","status-publish","hentry"],"_links":{"self":[{"href":"https:\/\/www.synagogue-montevideo31.com\/index.php?rest_route=\/wp\/v2\/pages\/105","targetHints":{"allow":["GET"]}}],"collection":[{"href":"https:\/\/www.synagogue-montevideo31.com\/index.php?rest_route=\/wp\/v2\/pages"}],"about":[{"href":"https:\/\/www.synagogue-montevideo31.com\/index.php?rest_route=\/wp\/v2\/types\/page"}],"author":[{"embeddable":true,"href":"https:\/\/www.synagogue-montevideo31.com\/index.php?rest_route=\/wp\/v2\/users\/1"}],"replies":[{"embeddable":true,"href":"https:\/\/www.synagogue-montevideo31.com\/index.php?rest_route=%2Fwp%2Fv2%2Fcomments&post=105"}],"version-history":[{"count":32,"href":"https:\/\/www.synagogue-montevideo31.com\/index.php?rest_route=\/wp\/v2\/pages\/105\/revisions"}],"predecessor-version":[{"id":2065,"href":"https:\/\/www.synagogue-montevideo31.com\/index.php?rest_route=\/wp\/v2\/pages\/105\/revisions\/2065"}],"wp:attachment":[{"href":"https:\/\/www.synagogue-montevideo31.com\/index.php?rest_route=%2Fwp%2Fv2%2Fmedia&parent=105"}],"curies":[{"name":"wp","href":"https:\/\/api.w.org\/{rel}","templated":true}]}}